{"id":1412,"date":"2017-08-11T08:32:35","date_gmt":"2017-08-11T08:32:35","guid":{"rendered":"https:\/\/thermotel-dax.com\/online-booking\/"},"modified":"2017-09-08T09:59:37","modified_gmt":"2017-09-08T09:59:37","slug":"online-booking","status":"publish","type":"page","link":"https:\/\/thermotel-dax.com\/en\/online-booking\/","title":{"rendered":"Online booking"},"content":{"rendered":"<p>[vc_row][vc_column][vc_column_text css=&#8221;.vc_custom_1502112640694{padding-bottom: 60px !important;}&#8221;]Please complete the form and click on &#8220;send request&#8221;. You will be promptly reminded to proceed to the live booking with us. Please note that this is a booking request and not an actual booking.[\/vc_column_text][contact-form-7 404 \"Not Found\"][\/vc_column][\/vc_row]<\/p>\n","protected":false},"excerpt":{"rendered":"<p>[vc_row][vc_column][vc_column_text css=&#8221;.vc_custom_1502112640694{padding-bottom: 60px !important;}&#8221;]Please complete the form and click on &#8220;send request&#8221;. You will be promptly reminded to proceed to the live booking with us. Please note that this is a booking request and not an actual booking.[\/vc_column_text][\/vc_column][\/vc_row]<\/p>\n","protected":false},"author":6,"featured_media":0,"parent":0,"menu_order":0,"comment_status":"closed","ping_status":"closed","template":"","meta":{"inline_featured_image":false},"yoast_head":"<!-- This site is optimized with the Yoast SEO plugin v19.13 - https:\/\/yoast.com\/wordpress\/plugins\/seo\/ -->\n<title>Online booking for Thermotel Dax<\/title>\n<meta name=\"description\" content=\"For your cure in Dax, book online your hotel near the thermal baths: Thermotel, studio and apartment with the services of a hotel.\" \/>\n<meta name=\"robots\" content=\"index, follow, max-snippet:-1, max-image-preview:large, max-video-preview:-1\" \/>\n<link rel=\"canonical\" href=\"https:\/\/www.thermotel-dax.com\/en\/online-booking\/\" \/>\n<meta property=\"og:locale\" content=\"en_US\" \/>\n<meta property=\"og:type\" content=\"article\" \/>\n<meta property=\"og:title\" content=\"Online booking for Thermotel Dax\" \/>\n<meta property=\"og:description\" content=\"For your cure in Dax, book online your hotel near the thermal baths: Thermotel, studio and apartment with the services of a hotel.\" \/>\n<meta property=\"og:url\" content=\"https:\/\/www.thermotel-dax.com\/en\/online-booking\/\" \/>\n<meta property=\"article:publisher\" content=\"https:\/\/www.facebook.com\/ThermesBerot\/\" \/>\n<meta property=\"article:modified_time\" content=\"2017-09-08T09:59:37+00:00\" \/>\n<meta name=\"twitter:card\" content=\"summary_large_image\" \/>\n<script type=\"application\/ld+json\" class=\"yoast-schema-graph\">{\"@context\":\"https:\/\/schema.org\",\"@graph\":[{\"@type\":\"WebPage\",\"@id\":\"https:\/\/www.thermotel-dax.com\/en\/online-booking\/\",\"url\":\"https:\/\/www.thermotel-dax.com\/en\/online-booking\/\",\"name\":\"Online booking for Thermotel Dax\",\"isPartOf\":{\"@id\":\"https:\/\/thermotel-dax.com\/#website\"},\"datePublished\":\"2017-08-11T08:32:35+00:00\",\"dateModified\":\"2017-09-08T09:59:37+00:00\",\"description\":\"For your cure in Dax, book online your hotel near the thermal baths: Thermotel, studio and apartment with the services of a hotel.\",\"breadcrumb\":{\"@id\":\"https:\/\/www.thermotel-dax.com\/en\/online-booking\/#breadcrumb\"},\"inLanguage\":\"en-US\",\"potentialAction\":[{\"@type\":\"ReadAction\",\"target\":[\"https:\/\/www.thermotel-dax.com\/en\/online-booking\/\"]}]},{\"@type\":\"BreadcrumbList\",\"@id\":\"https:\/\/www.thermotel-dax.com\/en\/online-booking\/#breadcrumb\",\"itemListElement\":[{\"@type\":\"ListItem\",\"position\":1,\"name\":\"Accueil\",\"item\":\"https:\/\/www.thermotel-dax.com\/en\/\"},{\"@type\":\"ListItem\",\"position\":2,\"name\":\"Online booking\"}]},{\"@type\":\"WebSite\",\"@id\":\"https:\/\/thermotel-dax.com\/#website\",\"url\":\"https:\/\/thermotel-dax.com\/\",\"name\":\"\",\"description\":\"H\u00f4tel d\u00e9di\u00e9 \u00e0 vos cures thermales au coeur de la cit\u00e9 thermale de Dax dans les Landes\",\"potentialAction\":[{\"@type\":\"SearchAction\",\"target\":{\"@type\":\"EntryPoint\",\"urlTemplate\":\"https:\/\/thermotel-dax.com\/?s={search_term_string}\"},\"query-input\":\"required name=search_term_string\"}],\"inLanguage\":\"en-US\"}]}<\/script>\n<!-- \/ Yoast SEO plugin. -->","yoast_head_json":{"title":"Online booking for Thermotel Dax","description":"For your cure in Dax, book online your hotel near the thermal baths: Thermotel, studio and apartment with the services of a hotel.","robots":{"index":"index","follow":"follow","max-snippet":"max-snippet:-1","max-image-preview":"max-image-preview:large","max-video-preview":"max-video-preview:-1"},"canonical":"https:\/\/www.thermotel-dax.com\/en\/online-booking\/","og_locale":"en_US","og_type":"article","og_title":"Online booking for Thermotel Dax","og_description":"For your cure in Dax, book online your hotel near the thermal baths: Thermotel, studio and apartment with the services of a hotel.","og_url":"https:\/\/www.thermotel-dax.com\/en\/online-booking\/","article_publisher":"https:\/\/www.facebook.com\/ThermesBerot\/","article_modified_time":"2017-09-08T09:59:37+00:00","twitter_card":"summary_large_image","schema":{"@context":"https:\/\/schema.org","@graph":[{"@type":"WebPage","@id":"https:\/\/www.thermotel-dax.com\/en\/online-booking\/","url":"https:\/\/www.thermotel-dax.com\/en\/online-booking\/","name":"Online booking for Thermotel Dax","isPartOf":{"@id":"https:\/\/thermotel-dax.com\/#website"},"datePublished":"2017-08-11T08:32:35+00:00","dateModified":"2017-09-08T09:59:37+00:00","description":"For your cure in Dax, book online your hotel near the thermal baths: Thermotel, studio and apartment with the services of a hotel.","breadcrumb":{"@id":"https:\/\/www.thermotel-dax.com\/en\/online-booking\/#breadcrumb"},"inLanguage":"en-US","potentialAction":[{"@type":"ReadAction","target":["https:\/\/www.thermotel-dax.com\/en\/online-booking\/"]}]},{"@type":"BreadcrumbList","@id":"https:\/\/www.thermotel-dax.com\/en\/online-booking\/#breadcrumb","itemListElement":[{"@type":"ListItem","position":1,"name":"Accueil","item":"https:\/\/www.thermotel-dax.com\/en\/"},{"@type":"ListItem","position":2,"name":"Online booking"}]},{"@type":"WebSite","@id":"https:\/\/thermotel-dax.com\/#website","url":"https:\/\/thermotel-dax.com\/","name":"","description":"H\u00f4tel d\u00e9di\u00e9 \u00e0 vos cures thermales au coeur de la cit\u00e9 thermale de Dax dans les Landes","potentialAction":[{"@type":"SearchAction","target":{"@type":"EntryPoint","urlTemplate":"https:\/\/thermotel-dax.com\/?s={search_term_string}"},"query-input":"required name=search_term_string"}],"inLanguage":"en-US"}]}},"_links":{"self":[{"href":"https:\/\/thermotel-dax.com\/en\/wp-json\/wp\/v2\/pages\/1412"}],"collection":[{"href":"https:\/\/thermotel-dax.com\/en\/wp-json\/wp\/v2\/pages"}],"about":[{"href":"https:\/\/thermotel-dax.com\/en\/wp-json\/wp\/v2\/types\/page"}],"author":[{"embeddable":true,"href":"https:\/\/thermotel-dax.com\/en\/wp-json\/wp\/v2\/users\/6"}],"replies":[{"embeddable":true,"href":"https:\/\/thermotel-dax.com\/en\/wp-json\/wp\/v2\/comments?post=1412"}],"version-history":[{"count":6,"href":"https:\/\/thermotel-dax.com\/en\/wp-json\/wp\/v2\/pages\/1412\/revisions"}],"predecessor-version":[{"id":1521,"href":"https:\/\/thermotel-dax.com\/en\/wp-json\/wp\/v2\/pages\/1412\/revisions\/1521"}],"wp:attachment":[{"href":"https:\/\/thermotel-dax.com\/en\/wp-json\/wp\/v2\/media?parent=1412"}],"curies":[{"name":"wp","href":"https:\/\/api.w.org\/{rel}","templated":true}]}}