{"id":1410,"date":"2017-08-11T08:28:04","date_gmt":"2017-08-11T08:28:04","guid":{"rendered":"https:\/\/thermotel-dax.com\/reviews\/"},"modified":"2017-08-11T08:44:41","modified_gmt":"2017-08-11T08:44:41","slug":"reviews","status":"publish","type":"page","link":"https:\/\/thermotel-dax.com\/en\/reviews\/","title":{"rendered":"Reviews"},"content":{"rendered":"<p>[vc_row][vc_column]\n\n                        <!-- REVIEWS-->\n            <div class=\"reviews\" itemscope itemtype=\"http:\/\/schema.org\/Hotel\">\n            <meta itemprop=\"name\" content=\"thermotel\">\n            <meta itemprop=\"image\" content=\"https:\/\/www.thermotel-dax.com\/content\/uploads\/2016\/03\/logo-big-364x171.png\">\n                \n                    <article class=\"review mt-4\" itemprop=\"review\" itemscope itemtype=\"http:\/\/schema.org\/Review\"itemscope itemtype=\"http:\/\/schema.org\/Hotel\">\n                        <header class=\"review__head clearfix\">\n                            <div class=\"review-title\">\n                                <h4 class=\"review-title__name\" itemprop=\"author\">Chantal C<\/h4>\n                                <div\n                                    class=\"review-title__label\">Angoul\u00eame, France<\/div>\n                            <\/div>\n                            <div class=\"review-rating clearfix\" itemprop=\"reviewRating\" itemscope itemtype=\"http:\/\/schema.org\/Rating\">\n                                                                <div class=\"icon-heart-full\"><\/div><div class=\"icon-heart-full\"><\/div><div class=\"icon-heart-full\"><\/div><div class=\"icon-heart-full\"><\/div>                                                                <div class=\"icon-heart-empty\"><\/div>\n                                <meta itemprop=\"worstRating\" content = \"1\">\n                                <meta itemprop=\"ratingValue\" content = \"4\">\n                                <meta itemprop=\"bestRating\" content = \"5\">\n                            <\/div>\n                        <\/header>\n                        <div class=\"review__content\">\n                            <p>I have already stayed in several spa centers. I confess that I finally found what I was looking for: QUALITY: The care, dedication and friendliness of the staff, the quality of the welcome, the comfort of the studios, the food more than satisfactory also I made a pre-booking for next year.<\/p>\n                        <\/div>\n                    <\/article>\n\n\n                \n                    <article class=\"review mt-4\" itemprop=\"review\" itemscope itemtype=\"http:\/\/schema.org\/Review\"itemscope itemtype=\"http:\/\/schema.org\/Hotel\">\n                        <header class=\"review__head clearfix\">\n                            <div class=\"review-title\">\n                                <h4 class=\"review-title__name\" itemprop=\"author\">michel P<\/h4>\n                                <div\n                                    class=\"review-title__label\">Bompas, France<\/div>\n                            <\/div>\n                            <div class=\"review-rating clearfix\" itemprop=\"reviewRating\" itemscope itemtype=\"http:\/\/schema.org\/Rating\">\n                                                                <div class=\"icon-heart-full\"><\/div><div class=\"icon-heart-full\"><\/div><div class=\"icon-heart-full\"><\/div><div class=\"icon-heart-full\"><\/div>                                                                <div class=\"icon-heart-empty\"><\/div>\n                                <meta itemprop=\"worstRating\" content = \"1\">\n                                <meta itemprop=\"ratingValue\" content = \"4\">\n                                <meta itemprop=\"bestRating\" content = \"5\">\n                            <\/div>\n                        <\/header>\n                        <div class=\"review__content\">\n                            <p>Intense and meticulous service staff, skilled care staff respectful of privacy.<\/p>\n<p>Set of consistent care and good synchronization of different treatments, mud, bath, physiotherapist, pool etc &#8230; Accommodation on site comfortable and very good service attention, availability of a &#8220;catering&#8221; varied and competitively priced. The presence of a pet is possible under certain conditions.<\/p>\n                        <\/div>\n                    <\/article>\n\n\n                \n                    <article class=\"review mt-4\" itemprop=\"review\" itemscope itemtype=\"http:\/\/schema.org\/Review\"itemscope itemtype=\"http:\/\/schema.org\/Hotel\">\n                        <header class=\"review__head clearfix\">\n                            <div class=\"review-title\">\n                                <h4 class=\"review-title__name\" itemprop=\"author\">Pat17207350<\/h4>\n                                <div\n                                    class=\"review-title__label\">Royan, France<\/div>\n                            <\/div>\n                            <div class=\"review-rating clearfix\" itemprop=\"reviewRating\" itemscope itemtype=\"http:\/\/schema.org\/Rating\">\n                                                                <div class=\"icon-heart-full\"><\/div><div class=\"icon-heart-full\"><\/div><div class=\"icon-heart-full\"><\/div><div class=\"icon-heart-full\"><\/div>                                                                <div class=\"icon-heart-empty\"><\/div>\n                                <meta itemprop=\"worstRating\" content = \"1\">\n                                <meta itemprop=\"ratingValue\" content = \"4\">\n                                <meta itemprop=\"bestRating\" content = \"5\">\n                            <\/div>\n                        <\/header>\n                        <div class=\"review__content\">\n                            <p>If it is three years since I do my spa treatment at the Berot spa, it is not by chance. Indeed it reigns a warm climate with a friendly, welcoming, always devoted staff. As for the thermotel, nothing to say the comfort of studios, services and food are very neat.<\/p>\n                        <\/div>\n                    <\/article>\n\n\n                            <\/div>\n\n                    \n\n            [\/vc_column][\/vc_row]<\/p>\n","protected":false},"excerpt":{"rendered":"<p>[vc_row][vc_column][\/vc_column][\/vc_row]<\/p>\n","protected":false},"author":6,"featured_media":0,"parent":0,"menu_order":0,"comment_status":"closed","ping_status":"closed","template":"","meta":{"inline_featured_image":false},"yoast_head":"<!-- This site is optimized with the Yoast SEO plugin v19.13 - https:\/\/yoast.com\/wordpress\/plugins\/seo\/ -->\n<title>Customer reviews on the official website of Thermotel Dax<\/title>\n<meta name=\"description\" content=\"Customer satisfaction is one of our top priorities. Read reviews on the official website of Thermotel in Dax.\" \/>\n<meta name=\"robots\" content=\"index, follow, max-snippet:-1, max-image-preview:large, max-video-preview:-1\" \/>\n<link rel=\"canonical\" href=\"https:\/\/www.thermotel-dax.com\/en\/reviews\/\" \/>\n<meta property=\"og:locale\" content=\"en_US\" \/>\n<meta property=\"og:type\" content=\"article\" \/>\n<meta property=\"og:title\" content=\"Customer reviews on the official website of Thermotel Dax\" \/>\n<meta property=\"og:description\" content=\"Customer satisfaction is one of our top priorities. Read reviews on the official website of Thermotel in Dax.\" \/>\n<meta property=\"og:url\" content=\"https:\/\/www.thermotel-dax.com\/en\/reviews\/\" \/>\n<meta property=\"article:publisher\" content=\"https:\/\/www.facebook.com\/ThermesBerot\/\" \/>\n<meta property=\"article:modified_time\" content=\"2017-08-11T08:44:41+00:00\" \/>\n<meta name=\"twitter:card\" content=\"summary_large_image\" \/>\n<script type=\"application\/ld+json\" class=\"yoast-schema-graph\">{\"@context\":\"https:\/\/schema.org\",\"@graph\":[{\"@type\":\"WebPage\",\"@id\":\"https:\/\/www.thermotel-dax.com\/en\/reviews\/\",\"url\":\"https:\/\/www.thermotel-dax.com\/en\/reviews\/\",\"name\":\"Customer reviews on the official website of Thermotel Dax\",\"isPartOf\":{\"@id\":\"https:\/\/thermotel-dax.com\/#website\"},\"datePublished\":\"2017-08-11T08:28:04+00:00\",\"dateModified\":\"2017-08-11T08:44:41+00:00\",\"description\":\"Customer satisfaction is one of our top priorities. Read reviews on the official website of Thermotel in Dax.\",\"breadcrumb\":{\"@id\":\"https:\/\/www.thermotel-dax.com\/en\/reviews\/#breadcrumb\"},\"inLanguage\":\"en-US\",\"potentialAction\":[{\"@type\":\"ReadAction\",\"target\":[\"https:\/\/www.thermotel-dax.com\/en\/reviews\/\"]}]},{\"@type\":\"BreadcrumbList\",\"@id\":\"https:\/\/www.thermotel-dax.com\/en\/reviews\/#breadcrumb\",\"itemListElement\":[{\"@type\":\"ListItem\",\"position\":1,\"name\":\"Accueil\",\"item\":\"https:\/\/www.thermotel-dax.com\/en\/\"},{\"@type\":\"ListItem\",\"position\":2,\"name\":\"Reviews\"}]},{\"@type\":\"WebSite\",\"@id\":\"https:\/\/thermotel-dax.com\/#website\",\"url\":\"https:\/\/thermotel-dax.com\/\",\"name\":\"\",\"description\":\"H\u00f4tel d\u00e9di\u00e9 \u00e0 vos cures thermales au coeur de la cit\u00e9 thermale de Dax dans les Landes\",\"potentialAction\":[{\"@type\":\"SearchAction\",\"target\":{\"@type\":\"EntryPoint\",\"urlTemplate\":\"https:\/\/thermotel-dax.com\/?s={search_term_string}\"},\"query-input\":\"required name=search_term_string\"}],\"inLanguage\":\"en-US\"}]}<\/script>\n<!-- \/ Yoast SEO plugin. -->","yoast_head_json":{"title":"Customer reviews on the official website of Thermotel Dax","description":"Customer satisfaction is one of our top priorities. Read reviews on the official website of Thermotel in Dax.","robots":{"index":"index","follow":"follow","max-snippet":"max-snippet:-1","max-image-preview":"max-image-preview:large","max-video-preview":"max-video-preview:-1"},"canonical":"https:\/\/www.thermotel-dax.com\/en\/reviews\/","og_locale":"en_US","og_type":"article","og_title":"Customer reviews on the official website of Thermotel Dax","og_description":"Customer satisfaction is one of our top priorities. Read reviews on the official website of Thermotel in Dax.","og_url":"https:\/\/www.thermotel-dax.com\/en\/reviews\/","article_publisher":"https:\/\/www.facebook.com\/ThermesBerot\/","article_modified_time":"2017-08-11T08:44:41+00:00","twitter_card":"summary_large_image","schema":{"@context":"https:\/\/schema.org","@graph":[{"@type":"WebPage","@id":"https:\/\/www.thermotel-dax.com\/en\/reviews\/","url":"https:\/\/www.thermotel-dax.com\/en\/reviews\/","name":"Customer reviews on the official website of Thermotel Dax","isPartOf":{"@id":"https:\/\/thermotel-dax.com\/#website"},"datePublished":"2017-08-11T08:28:04+00:00","dateModified":"2017-08-11T08:44:41+00:00","description":"Customer satisfaction is one of our top priorities. Read reviews on the official website of Thermotel in Dax.","breadcrumb":{"@id":"https:\/\/www.thermotel-dax.com\/en\/reviews\/#breadcrumb"},"inLanguage":"en-US","potentialAction":[{"@type":"ReadAction","target":["https:\/\/www.thermotel-dax.com\/en\/reviews\/"]}]},{"@type":"BreadcrumbList","@id":"https:\/\/www.thermotel-dax.com\/en\/reviews\/#breadcrumb","itemListElement":[{"@type":"ListItem","position":1,"name":"Accueil","item":"https:\/\/www.thermotel-dax.com\/en\/"},{"@type":"ListItem","position":2,"name":"Reviews"}]},{"@type":"WebSite","@id":"https:\/\/thermotel-dax.com\/#website","url":"https:\/\/thermotel-dax.com\/","name":"","description":"H\u00f4tel d\u00e9di\u00e9 \u00e0 vos cures thermales au coeur de la cit\u00e9 thermale de Dax dans les Landes","potentialAction":[{"@type":"SearchAction","target":{"@type":"EntryPoint","urlTemplate":"https:\/\/thermotel-dax.com\/?s={search_term_string}"},"query-input":"required name=search_term_string"}],"inLanguage":"en-US"}]}},"_links":{"self":[{"href":"https:\/\/thermotel-dax.com\/en\/wp-json\/wp\/v2\/pages\/1410"}],"collection":[{"href":"https:\/\/thermotel-dax.com\/en\/wp-json\/wp\/v2\/pages"}],"about":[{"href":"https:\/\/thermotel-dax.com\/en\/wp-json\/wp\/v2\/types\/page"}],"author":[{"embeddable":true,"href":"https:\/\/thermotel-dax.com\/en\/wp-json\/wp\/v2\/users\/6"}],"replies":[{"embeddable":true,"href":"https:\/\/thermotel-dax.com\/en\/wp-json\/wp\/v2\/comments?post=1410"}],"version-history":[{"count":1,"href":"https:\/\/thermotel-dax.com\/en\/wp-json\/wp\/v2\/pages\/1410\/revisions"}],"predecessor-version":[{"id":1423,"href":"https:\/\/thermotel-dax.com\/en\/wp-json\/wp\/v2\/pages\/1410\/revisions\/1423"}],"wp:attachment":[{"href":"https:\/\/thermotel-dax.com\/en\/wp-json\/wp\/v2\/media?parent=1410"}],"curies":[{"name":"wp","href":"https:\/\/api.w.org\/{rel}","templated":true}]}}