{"id":1405,"date":"2017-08-11T08:16:11","date_gmt":"2017-08-11T08:16:11","guid":{"rendered":"https:\/\/thermotel-dax.com\/legal-notice\/"},"modified":"2017-08-11T08:44:18","modified_gmt":"2017-08-11T08:44:18","slug":"legal-notice","status":"publish","type":"page","link":"https:\/\/thermotel-dax.com\/en\/legal-notice\/","title":{"rendered":"Legal Notice"},"content":{"rendered":"<p>[vc_row][vc_column]<div class=\"title-lux\"><div class=\"tl__brace\"><\/div><h1 class=\"tl__heading\">Mentions l\u00e9gales Thermotel : studio et appartement \u00e0 louer \u00e0 Dax<\/h1><div class=\"tl__subtitle\"><\/div><div class=\"tl__brace tl__brace--bottom\"><\/div><\/div>[vc_column_text]<\/p>\n<p id=\"tw-target-text\" class=\"tw-data-text tw-ta tw-text-small\" dir=\"ltr\" data-placeholder=\"Traduction\"><strong><span lang=\"en\">Terms of Service <\/span><\/strong><\/p>\n<p class=\"tw-data-text tw-ta tw-text-small\" dir=\"ltr\" data-placeholder=\"Traduction\"><span lang=\"en\">Reproduction, in whole or in part, of the contents, pages, images, photos, videos, sound files, scripts and icons present on the site www.thermotel-dax.com is prohibited without the agreement expressly and previously given by the publisher of sites. Failure to comply with this prohibition constitutes an infringement which could result in the civil and criminal liability of the infringer.<\/span><\/p>\n<p class=\"tw-data-text tw-ta tw-text-small\" dir=\"ltr\" data-placeholder=\"Traduction\"><strong><span lang=\"en\">French Legislation<\/span><\/strong><\/p>\n<p dir=\"ltr\" data-placeholder=\"Traduction\"><strong>Responsible for the web site:<br \/>\n<\/strong>Thermotel<br \/>\n3-5 Cours Joffre \u2013 Bp 156<br \/>\n40104 Dax cedex<\/p>\n<p><strong>Editor:<br \/>\n<\/strong>Thermotel<br \/>\n3-5 Cours Joffre \u2013 Bp 156<br \/>\n40104 Dax cedex<strong><br \/>\n<\/strong><\/p>\n<p><strong>Website by:<br \/>\n<\/strong>Agence A, 24, avenue B\u00e9ziou 64000 PAU<br \/>\nT\u00e9l 05.59.13.60.80<br \/>\ncontact@agence-a.fr<strong><br \/>\n<\/strong><\/p>\n<p><strong>Website hosted by:<br \/>\n<\/strong>OVH<br \/>\n2\u00a0rue\u00a0Kellermann<br \/>\nBP 80157<br \/>\n59053 ROUBAIX CEDEX 1[\/vc_column_text][\/vc_column][\/vc_row]<\/p>\n","protected":false},"excerpt":{"rendered":"<p>[vc_row][vc_column][vc_column_text] Terms of Service Reproduction, in whole or in part, of the contents, pages, images, photos, videos, sound files, scripts and icons present on the site www.thermotel-dax.com is prohibited without the agreement expressly and previously given by the publisher of sites. Failure to comply with this prohibition constitutes an infringement which could result in the [&hellip;]<\/p>\n","protected":false},"author":6,"featured_media":0,"parent":0,"menu_order":0,"comment_status":"closed","ping_status":"closed","template":"","meta":{"inline_featured_image":false},"yoast_head":"<!-- This site is optimized with the Yoast SEO plugin v19.13 - https:\/\/yoast.com\/wordpress\/plugins\/seo\/ -->\n<title>Studio and apartment for rent in Dax | Legal Notice<\/title>\n<meta name=\"description\" content=\"Thermotel offers studio and apartment for rent in Dax, for short or long stay (spa, weekend, holidays) | Legal Notice\" \/>\n<meta name=\"robots\" content=\"index, follow, max-snippet:-1, max-image-preview:large, max-video-preview:-1\" \/>\n<link rel=\"canonical\" href=\"https:\/\/www.thermotel-dax.com\/en\/legal-notice\/\" \/>\n<meta property=\"og:locale\" content=\"en_US\" \/>\n<meta property=\"og:type\" content=\"article\" \/>\n<meta property=\"og:title\" content=\"Studio and apartment for rent in Dax | Legal Notice\" \/>\n<meta property=\"og:description\" content=\"Thermotel offers studio and apartment for rent in Dax, for short or long stay (spa, weekend, holidays) | Legal Notice\" \/>\n<meta property=\"og:url\" content=\"https:\/\/www.thermotel-dax.com\/en\/legal-notice\/\" \/>\n<meta property=\"article:publisher\" content=\"https:\/\/www.facebook.com\/ThermesBerot\/\" \/>\n<meta property=\"article:modified_time\" content=\"2017-08-11T08:44:18+00:00\" \/>\n<meta name=\"twitter:card\" content=\"summary_large_image\" \/>\n<meta name=\"twitter:label1\" content=\"Est. reading time\" \/>\n\t<meta name=\"twitter:data1\" content=\"1 minute\" \/>\n<script type=\"application\/ld+json\" class=\"yoast-schema-graph\">{\"@context\":\"https:\/\/schema.org\",\"@graph\":[{\"@type\":\"WebPage\",\"@id\":\"https:\/\/www.thermotel-dax.com\/en\/legal-notice\/\",\"url\":\"https:\/\/www.thermotel-dax.com\/en\/legal-notice\/\",\"name\":\"Studio and apartment for rent in Dax | Legal Notice\",\"isPartOf\":{\"@id\":\"https:\/\/thermotel-dax.com\/#website\"},\"datePublished\":\"2017-08-11T08:16:11+00:00\",\"dateModified\":\"2017-08-11T08:44:18+00:00\",\"description\":\"Thermotel offers studio and apartment for rent in Dax, for short or long stay (spa, weekend, holidays) | Legal Notice\",\"breadcrumb\":{\"@id\":\"https:\/\/www.thermotel-dax.com\/en\/legal-notice\/#breadcrumb\"},\"inLanguage\":\"en-US\",\"potentialAction\":[{\"@type\":\"ReadAction\",\"target\":[\"https:\/\/www.thermotel-dax.com\/en\/legal-notice\/\"]}]},{\"@type\":\"BreadcrumbList\",\"@id\":\"https:\/\/www.thermotel-dax.com\/en\/legal-notice\/#breadcrumb\",\"itemListElement\":[{\"@type\":\"ListItem\",\"position\":1,\"name\":\"Accueil\",\"item\":\"https:\/\/www.thermotel-dax.com\/en\/\"},{\"@type\":\"ListItem\",\"position\":2,\"name\":\"Legal Notice\"}]},{\"@type\":\"WebSite\",\"@id\":\"https:\/\/thermotel-dax.com\/#website\",\"url\":\"https:\/\/thermotel-dax.com\/\",\"name\":\"\",\"description\":\"H\u00f4tel d\u00e9di\u00e9 \u00e0 vos cures thermales au coeur de la cit\u00e9 thermale de Dax dans les Landes\",\"potentialAction\":[{\"@type\":\"SearchAction\",\"target\":{\"@type\":\"EntryPoint\",\"urlTemplate\":\"https:\/\/thermotel-dax.com\/?s={search_term_string}\"},\"query-input\":\"required name=search_term_string\"}],\"inLanguage\":\"en-US\"}]}<\/script>\n<!-- \/ Yoast SEO plugin. -->","yoast_head_json":{"title":"Studio and apartment for rent in Dax | Legal Notice","description":"Thermotel offers studio and apartment for rent in Dax, for short or long stay (spa, weekend, holidays) | Legal Notice","robots":{"index":"index","follow":"follow","max-snippet":"max-snippet:-1","max-image-preview":"max-image-preview:large","max-video-preview":"max-video-preview:-1"},"canonical":"https:\/\/www.thermotel-dax.com\/en\/legal-notice\/","og_locale":"en_US","og_type":"article","og_title":"Studio and apartment for rent in Dax | Legal Notice","og_description":"Thermotel offers studio and apartment for rent in Dax, for short or long stay (spa, weekend, holidays) | Legal Notice","og_url":"https:\/\/www.thermotel-dax.com\/en\/legal-notice\/","article_publisher":"https:\/\/www.facebook.com\/ThermesBerot\/","article_modified_time":"2017-08-11T08:44:18+00:00","twitter_card":"summary_large_image","twitter_misc":{"Est. reading time":"1 minute"},"schema":{"@context":"https:\/\/schema.org","@graph":[{"@type":"WebPage","@id":"https:\/\/www.thermotel-dax.com\/en\/legal-notice\/","url":"https:\/\/www.thermotel-dax.com\/en\/legal-notice\/","name":"Studio and apartment for rent in Dax | Legal Notice","isPartOf":{"@id":"https:\/\/thermotel-dax.com\/#website"},"datePublished":"2017-08-11T08:16:11+00:00","dateModified":"2017-08-11T08:44:18+00:00","description":"Thermotel offers studio and apartment for rent in Dax, for short or long stay (spa, weekend, holidays) | Legal Notice","breadcrumb":{"@id":"https:\/\/www.thermotel-dax.com\/en\/legal-notice\/#breadcrumb"},"inLanguage":"en-US","potentialAction":[{"@type":"ReadAction","target":["https:\/\/www.thermotel-dax.com\/en\/legal-notice\/"]}]},{"@type":"BreadcrumbList","@id":"https:\/\/www.thermotel-dax.com\/en\/legal-notice\/#breadcrumb","itemListElement":[{"@type":"ListItem","position":1,"name":"Accueil","item":"https:\/\/www.thermotel-dax.com\/en\/"},{"@type":"ListItem","position":2,"name":"Legal Notice"}]},{"@type":"WebSite","@id":"https:\/\/thermotel-dax.com\/#website","url":"https:\/\/thermotel-dax.com\/","name":"","description":"H\u00f4tel d\u00e9di\u00e9 \u00e0 vos cures thermales au coeur de la cit\u00e9 thermale de Dax dans les Landes","potentialAction":[{"@type":"SearchAction","target":{"@type":"EntryPoint","urlTemplate":"https:\/\/thermotel-dax.com\/?s={search_term_string}"},"query-input":"required name=search_term_string"}],"inLanguage":"en-US"}]}},"_links":{"self":[{"href":"https:\/\/thermotel-dax.com\/en\/wp-json\/wp\/v2\/pages\/1405"}],"collection":[{"href":"https:\/\/thermotel-dax.com\/en\/wp-json\/wp\/v2\/pages"}],"about":[{"href":"https:\/\/thermotel-dax.com\/en\/wp-json\/wp\/v2\/types\/page"}],"author":[{"embeddable":true,"href":"https:\/\/thermotel-dax.com\/en\/wp-json\/wp\/v2\/users\/6"}],"replies":[{"embeddable":true,"href":"https:\/\/thermotel-dax.com\/en\/wp-json\/wp\/v2\/comments?post=1405"}],"version-history":[{"count":3,"href":"https:\/\/thermotel-dax.com\/en\/wp-json\/wp\/v2\/pages\/1405\/revisions"}],"predecessor-version":[{"id":1420,"href":"https:\/\/thermotel-dax.com\/en\/wp-json\/wp\/v2\/pages\/1405\/revisions\/1420"}],"wp:attachment":[{"href":"https:\/\/thermotel-dax.com\/en\/wp-json\/wp\/v2\/media?parent=1405"}],"curies":[{"name":"wp","href":"https:\/\/api.w.org\/{rel}","templated":true}]}}