{"id":1366,"date":"2017-08-01T12:38:24","date_gmt":"2017-08-01T12:38:24","guid":{"rendered":"https:\/\/www.thermotel-dax.com\/cancellation\/"},"modified":"2017-08-11T08:44:29","modified_gmt":"2017-08-11T08:44:29","slug":"cancellation","status":"publish","type":"page","link":"https:\/\/thermotel-dax.com\/en\/cancellation\/","title":{"rendered":"Cancellation"},"content":{"rendered":"<p>[vc_row][vc_column][vc_column_text]To guarantee your reservation, you have made a deposit (\u20ac200 for a 3-week stay).<\/p>\n<p>How to cancel your location at Thermotel ?<\/p>\n<p>In principal, this deposit belongs to us for any cancellation.<\/p>\n<p>You have the possibility of taking out specific cancellation insurance proposed by GAN in order to obtain the reimbursement of your deposit if the reason for cancellation is covered in the contract.<\/p>\n<p>You can also pay this deposit with your credit card (by telephone) and use your cancellation insurance which is included in the conditions of the Visa Premier card or Gold Mastercard.<\/p>\n<p>For more information, <a href=\"https:\/\/www.thermotel-dax.com\/contact\/\">our hostesses are available from 8 am to 7 pm, 7 days a week.<\/a>[\/vc_column_text][\/vc_column][\/vc_row]<\/p>\n","protected":false},"excerpt":{"rendered":"<p>[vc_row][vc_column][vc_column_text]To guarantee your reservation, you have made a deposit (\u20ac200 for a 3-week stay). How to cancel your location at Thermotel ? In principal, this deposit belongs to us for any cancellation. You have the possibility of taking out specific cancellation insurance proposed by GAN in order to obtain the reimbursement of your deposit if [&hellip;]<\/p>\n","protected":false},"author":6,"featured_media":0,"parent":0,"menu_order":0,"comment_status":"closed","ping_status":"closed","template":"","meta":{"inline_featured_image":false},"yoast_head":"<!-- This site is optimized with the Yoast SEO plugin v19.13 - https:\/\/yoast.com\/wordpress\/plugins\/seo\/ -->\n<title>How to cancel your vacation at Dax Thermotel?<\/title>\n<meta name=\"description\" content=\"Something unexpected ? Yyou make a reservation and change your mind? Here is where we explain how to cancel your Thermotel holiday in Dax.\" \/>\n<meta name=\"robots\" content=\"index, follow, max-snippet:-1, max-image-preview:large, max-video-preview:-1\" \/>\n<link rel=\"canonical\" href=\"https:\/\/www.thermotel-dax.com\/en\/cancellation\/\" \/>\n<meta property=\"og:locale\" content=\"en_US\" \/>\n<meta property=\"og:type\" content=\"article\" \/>\n<meta property=\"og:title\" content=\"How to cancel your vacation at Dax Thermotel?\" \/>\n<meta property=\"og:description\" content=\"Something unexpected ? Yyou make a reservation and change your mind? Here is where we explain how to cancel your Thermotel holiday in Dax.\" \/>\n<meta property=\"og:url\" content=\"https:\/\/www.thermotel-dax.com\/en\/cancellation\/\" \/>\n<meta property=\"article:publisher\" content=\"https:\/\/www.facebook.com\/ThermesBerot\/\" \/>\n<meta property=\"article:modified_time\" content=\"2017-08-11T08:44:29+00:00\" \/>\n<meta name=\"twitter:card\" content=\"summary_large_image\" \/>\n<meta name=\"twitter:label1\" content=\"Est. reading time\" \/>\n\t<meta name=\"twitter:data1\" content=\"1 minute\" \/>\n<script type=\"application\/ld+json\" class=\"yoast-schema-graph\">{\"@context\":\"https:\/\/schema.org\",\"@graph\":[{\"@type\":\"WebPage\",\"@id\":\"https:\/\/www.thermotel-dax.com\/en\/cancellation\/\",\"url\":\"https:\/\/www.thermotel-dax.com\/en\/cancellation\/\",\"name\":\"How to cancel your vacation at Dax Thermotel?\",\"isPartOf\":{\"@id\":\"https:\/\/thermotel-dax.com\/#website\"},\"datePublished\":\"2017-08-01T12:38:24+00:00\",\"dateModified\":\"2017-08-11T08:44:29+00:00\",\"description\":\"Something unexpected ? Yyou make a reservation and change your mind? Here is where we explain how to cancel your Thermotel holiday in Dax.\",\"breadcrumb\":{\"@id\":\"https:\/\/www.thermotel-dax.com\/en\/cancellation\/#breadcrumb\"},\"inLanguage\":\"en-US\",\"potentialAction\":[{\"@type\":\"ReadAction\",\"target\":[\"https:\/\/www.thermotel-dax.com\/en\/cancellation\/\"]}]},{\"@type\":\"BreadcrumbList\",\"@id\":\"https:\/\/www.thermotel-dax.com\/en\/cancellation\/#breadcrumb\",\"itemListElement\":[{\"@type\":\"ListItem\",\"position\":1,\"name\":\"Accueil\",\"item\":\"https:\/\/www.thermotel-dax.com\/en\/\"},{\"@type\":\"ListItem\",\"position\":2,\"name\":\"Cancellation\"}]},{\"@type\":\"WebSite\",\"@id\":\"https:\/\/thermotel-dax.com\/#website\",\"url\":\"https:\/\/thermotel-dax.com\/\",\"name\":\"\",\"description\":\"H\u00f4tel d\u00e9di\u00e9 \u00e0 vos cures thermales au coeur de la cit\u00e9 thermale de Dax dans les Landes\",\"potentialAction\":[{\"@type\":\"SearchAction\",\"target\":{\"@type\":\"EntryPoint\",\"urlTemplate\":\"https:\/\/thermotel-dax.com\/?s={search_term_string}\"},\"query-input\":\"required name=search_term_string\"}],\"inLanguage\":\"en-US\"}]}<\/script>\n<!-- \/ Yoast SEO plugin. -->","yoast_head_json":{"title":"How to cancel your vacation at Dax Thermotel?","description":"Something unexpected ? Yyou make a reservation and change your mind? Here is where we explain how to cancel your Thermotel holiday in Dax.","robots":{"index":"index","follow":"follow","max-snippet":"max-snippet:-1","max-image-preview":"max-image-preview:large","max-video-preview":"max-video-preview:-1"},"canonical":"https:\/\/www.thermotel-dax.com\/en\/cancellation\/","og_locale":"en_US","og_type":"article","og_title":"How to cancel your vacation at Dax Thermotel?","og_description":"Something unexpected ? Yyou make a reservation and change your mind? Here is where we explain how to cancel your Thermotel holiday in Dax.","og_url":"https:\/\/www.thermotel-dax.com\/en\/cancellation\/","article_publisher":"https:\/\/www.facebook.com\/ThermesBerot\/","article_modified_time":"2017-08-11T08:44:29+00:00","twitter_card":"summary_large_image","twitter_misc":{"Est. reading time":"1 minute"},"schema":{"@context":"https:\/\/schema.org","@graph":[{"@type":"WebPage","@id":"https:\/\/www.thermotel-dax.com\/en\/cancellation\/","url":"https:\/\/www.thermotel-dax.com\/en\/cancellation\/","name":"How to cancel your vacation at Dax Thermotel?","isPartOf":{"@id":"https:\/\/thermotel-dax.com\/#website"},"datePublished":"2017-08-01T12:38:24+00:00","dateModified":"2017-08-11T08:44:29+00:00","description":"Something unexpected ? Yyou make a reservation and change your mind? Here is where we explain how to cancel your Thermotel holiday in Dax.","breadcrumb":{"@id":"https:\/\/www.thermotel-dax.com\/en\/cancellation\/#breadcrumb"},"inLanguage":"en-US","potentialAction":[{"@type":"ReadAction","target":["https:\/\/www.thermotel-dax.com\/en\/cancellation\/"]}]},{"@type":"BreadcrumbList","@id":"https:\/\/www.thermotel-dax.com\/en\/cancellation\/#breadcrumb","itemListElement":[{"@type":"ListItem","position":1,"name":"Accueil","item":"https:\/\/www.thermotel-dax.com\/en\/"},{"@type":"ListItem","position":2,"name":"Cancellation"}]},{"@type":"WebSite","@id":"https:\/\/thermotel-dax.com\/#website","url":"https:\/\/thermotel-dax.com\/","name":"","description":"H\u00f4tel d\u00e9di\u00e9 \u00e0 vos cures thermales au coeur de la cit\u00e9 thermale de Dax dans les Landes","potentialAction":[{"@type":"SearchAction","target":{"@type":"EntryPoint","urlTemplate":"https:\/\/thermotel-dax.com\/?s={search_term_string}"},"query-input":"required name=search_term_string"}],"inLanguage":"en-US"}]}},"_links":{"self":[{"href":"https:\/\/thermotel-dax.com\/en\/wp-json\/wp\/v2\/pages\/1366"}],"collection":[{"href":"https:\/\/thermotel-dax.com\/en\/wp-json\/wp\/v2\/pages"}],"about":[{"href":"https:\/\/thermotel-dax.com\/en\/wp-json\/wp\/v2\/types\/page"}],"author":[{"embeddable":true,"href":"https:\/\/thermotel-dax.com\/en\/wp-json\/wp\/v2\/users\/6"}],"replies":[{"embeddable":true,"href":"https:\/\/thermotel-dax.com\/en\/wp-json\/wp\/v2\/comments?post=1366"}],"version-history":[{"count":5,"href":"https:\/\/thermotel-dax.com\/en\/wp-json\/wp\/v2\/pages\/1366\/revisions"}],"predecessor-version":[{"id":1422,"href":"https:\/\/thermotel-dax.com\/en\/wp-json\/wp\/v2\/pages\/1366\/revisions\/1422"}],"wp:attachment":[{"href":"https:\/\/thermotel-dax.com\/en\/wp-json\/wp\/v2\/media?parent=1366"}],"curies":[{"name":"wp","href":"https:\/\/api.w.org\/{rel}","templated":true}]}}