{"id":1365,"date":"2017-08-01T12:38:23","date_gmt":"2017-08-01T12:38:23","guid":{"rendered":"https:\/\/www.thermotel-dax.com\/loisirs-tourisme\/"},"modified":"2017-09-07T15:45:16","modified_gmt":"2017-09-07T15:45:16","slug":"loisirs-tourisme","status":"publish","type":"page","link":"https:\/\/thermotel-dax.com\/en\/loisirs-tourisme\/","title":{"rendered":"Leisure &#038; tourism"},"content":{"rendered":"<p>[vc_row][vc_column][vc_column_text]<\/p>\n<p class=\"p1\"><span class=\"s1\">During your stay at <strong>Thermotel <\/strong>(40), you will discover the rich and diversified Landes region, geographically bordered on the west by the Atlantic Ocean with its 106 kilometres of fine sand beaches, its many ponds, from Cazaux to Sanguinet, from Biscarrosse to Mimizan, then L\u00e9on and the natural reserve of the Huchet current, its boating outings, and further south, between Soustons and Seignosse,<span class=\"Apple-converted-space\">\u00a0 <\/span>the natural reserves of the Etang Noir and the Etang Blanc ponds, and finally, Hossegor, a popular destination, among others, for its surf competitions, Capbreton, the natural reserve of the Orx Marais (marsh), well-known ornithological site.<\/span><\/p>\n<p class=\"p1\"><span class=\"s1\">You will discover our massif of maritime pine trees which, under Napoleon III, made the Landes the largest artificial forest in Europe, planted to dry-out the Landes marshes.<\/span><\/p>\n<p class=\"p1\"><span class=\"s1\">You will enjoy our history with its vestiges left by the Palaeolithic Aquitains, the famous \u201cDame \u00e0 la capuche\u201d or \u201cLady with a hood\u201d of Brassempouy and strolling in Dax, you can discover all of the wealth of our heritage: the fontaine chaude (warm spring), the ramparts, the archaeological Roman crypt, Notre Dame Cathedral, the arenas. <\/span><\/p>\n<p class=\"p1\"><span class=\"s1\">Our many Landes museums will let you turn back time including the Ecomus\u00e9e of Marqu\u00e8ze, our cultural sites, our abbeys, the small chapels hidden deep in the woods, the birthplace of St Vincent de Paul.<\/span><\/p>\n<p class=\"p1\"><span class=\"s1\">You will have the choice among many varied sport activities for all ages, young and old \u2013 from aquatic sports to our cherished rugby, from golf to the V\u00e9lodyss\u00e9e (bicycle path), from the seaboard coast to inland, from the Haute Lande to the Pays d\u2019Orthe, from Armagnac to Marensin.<\/span><\/p>\n<p class=\"p1\"><span class=\"s1\">The Landes welcome you with a temperate climate, rich gastronomy \u2013 creative &#8211; around duck, Gascon pork, Floc and Armagnac, Landes Pastis, the pleasant wines of Chalosse and Tursan.<\/span><\/p>\n<p class=\"p1\"><span class=\"s1\">The Landes are a place of traditions with their stilt walkers &#8211; honourable successors of Sylvain Dornon, their Landes races, and their fun celebrations.<\/span><\/p>\n<p class=\"p1\"><span class=\"s1\">In a few words, we invite you to discover a rich heritage, a passionate people and an enthralling territory.<\/span><\/p>\n<p class=\"p1\"><strong><span class=\"s1\">You are always welcome here!<\/span><\/strong><\/p>\n<p>[\/vc_column_text][\/vc_column][\/vc_row][vc_row][vc_column][vc_column_text]<\/p>\n<p class=\"aligncenter images-grid\" style=\"text-align: center;\"><img class=\"\" src=\"https:\/\/www.thermotel-dax.com\/content\/uploads\/2017\/03\/MG_3616-han-300x300.jpg\" alt=\"Tourisme Dax ville thermale\" width=\"300\" height=\"300\" \/><img class=\"\" src=\"https:\/\/www.thermotel-dax.com\/content\/uploads\/2017\/03\/86-300x300.jpg\" alt=\"Tourisme Dax ville thermale\" width=\"300\" height=\"300\" \/><img class=\"\" src=\"https:\/\/www.thermotel-dax.com\/content\/uploads\/2017\/03\/510-300x300.jpg\" alt=\"Tourisme Dax ville thermale\" width=\"300\" height=\"300\" \/><\/p>\n<p>[\/vc_column_text][\/vc_column][\/vc_row]<\/p>\n","protected":false},"excerpt":{"rendered":"<p>[vc_row][vc_column][vc_column_text] During your stay at Thermotel (40), you will discover the rich and diversified Landes region, geographically bordered on the west by the Atlantic Ocean with its 106 kilometres of fine sand beaches, its many ponds, from Cazaux to Sanguinet, from Biscarrosse to Mimizan, then L\u00e9on and the natural reserve of the Huchet current, its [&hellip;]<\/p>\n","protected":false},"author":6,"featured_media":0,"parent":0,"menu_order":0,"comment_status":"closed","ping_status":"closed","template":"","meta":{"inline_featured_image":false},"yoast_head":"<!-- This site is optimized with the Yoast SEO plugin v19.13 - https:\/\/yoast.com\/wordpress\/plugins\/seo\/ -->\n<title>Accomodation for weekend, stay and holidays in Dax<\/title>\n<meta name=\"description\" content=\"Thermotel: the freedom of a studio or apartment with the services of a hotel. The ideal accommodation for a weekend, a stay or your holidays in Dax\" \/>\n<meta name=\"robots\" content=\"index, follow, max-snippet:-1, max-image-preview:large, max-video-preview:-1\" \/>\n<link rel=\"canonical\" href=\"https:\/\/www.thermotel-dax.com\/en\/loisirs-tourisme\/\" \/>\n<meta property=\"og:locale\" content=\"en_US\" \/>\n<meta property=\"og:type\" content=\"article\" \/>\n<meta property=\"og:title\" content=\"Accomodation for weekend, stay and holidays in Dax\" \/>\n<meta property=\"og:description\" content=\"Thermotel: the freedom of a studio or apartment with the services of a hotel. The ideal accommodation for a weekend, a stay or your holidays in Dax\" \/>\n<meta property=\"og:url\" content=\"https:\/\/www.thermotel-dax.com\/en\/loisirs-tourisme\/\" \/>\n<meta property=\"article:publisher\" content=\"https:\/\/www.facebook.com\/ThermesBerot\/\" \/>\n<meta property=\"article:modified_time\" content=\"2017-09-07T15:45:16+00:00\" \/>\n<meta property=\"og:image\" content=\"https:\/\/www.thermotel-dax.com\/content\/uploads\/2017\/03\/MG_3616-han-300x300.jpg\" \/>\n<meta name=\"twitter:card\" content=\"summary_large_image\" \/>\n<meta name=\"twitter:label1\" content=\"Est. reading time\" \/>\n\t<meta name=\"twitter:data1\" content=\"2 minutes\" \/>\n<script type=\"application\/ld+json\" class=\"yoast-schema-graph\">{\"@context\":\"https:\/\/schema.org\",\"@graph\":[{\"@type\":\"WebPage\",\"@id\":\"https:\/\/www.thermotel-dax.com\/en\/loisirs-tourisme\/\",\"url\":\"https:\/\/www.thermotel-dax.com\/en\/loisirs-tourisme\/\",\"name\":\"Accomodation for weekend, stay and holidays in Dax\",\"isPartOf\":{\"@id\":\"https:\/\/thermotel-dax.com\/#website\"},\"datePublished\":\"2017-08-01T12:38:23+00:00\",\"dateModified\":\"2017-09-07T15:45:16+00:00\",\"description\":\"Thermotel: the freedom of a studio or apartment with the services of a hotel. The ideal accommodation for a weekend, a stay or your holidays in Dax\",\"breadcrumb\":{\"@id\":\"https:\/\/www.thermotel-dax.com\/en\/loisirs-tourisme\/#breadcrumb\"},\"inLanguage\":\"en-US\",\"potentialAction\":[{\"@type\":\"ReadAction\",\"target\":[\"https:\/\/www.thermotel-dax.com\/en\/loisirs-tourisme\/\"]}]},{\"@type\":\"BreadcrumbList\",\"@id\":\"https:\/\/www.thermotel-dax.com\/en\/loisirs-tourisme\/#breadcrumb\",\"itemListElement\":[{\"@type\":\"ListItem\",\"position\":1,\"name\":\"Accueil\",\"item\":\"https:\/\/www.thermotel-dax.com\/en\/\"},{\"@type\":\"ListItem\",\"position\":2,\"name\":\"Leisure &#038; tourism\"}]},{\"@type\":\"WebSite\",\"@id\":\"https:\/\/thermotel-dax.com\/#website\",\"url\":\"https:\/\/thermotel-dax.com\/\",\"name\":\"\",\"description\":\"H\u00f4tel d\u00e9di\u00e9 \u00e0 vos cures thermales au coeur de la cit\u00e9 thermale de Dax dans les Landes\",\"potentialAction\":[{\"@type\":\"SearchAction\",\"target\":{\"@type\":\"EntryPoint\",\"urlTemplate\":\"https:\/\/thermotel-dax.com\/?s={search_term_string}\"},\"query-input\":\"required name=search_term_string\"}],\"inLanguage\":\"en-US\"}]}<\/script>\n<!-- \/ Yoast SEO plugin. -->","yoast_head_json":{"title":"Accomodation for weekend, stay and holidays in Dax","description":"Thermotel: the freedom of a studio or apartment with the services of a hotel. The ideal accommodation for a weekend, a stay or your holidays in Dax","robots":{"index":"index","follow":"follow","max-snippet":"max-snippet:-1","max-image-preview":"max-image-preview:large","max-video-preview":"max-video-preview:-1"},"canonical":"https:\/\/www.thermotel-dax.com\/en\/loisirs-tourisme\/","og_locale":"en_US","og_type":"article","og_title":"Accomodation for weekend, stay and holidays in Dax","og_description":"Thermotel: the freedom of a studio or apartment with the services of a hotel. The ideal accommodation for a weekend, a stay or your holidays in Dax","og_url":"https:\/\/www.thermotel-dax.com\/en\/loisirs-tourisme\/","article_publisher":"https:\/\/www.facebook.com\/ThermesBerot\/","article_modified_time":"2017-09-07T15:45:16+00:00","og_image":[{"url":"https:\/\/www.thermotel-dax.com\/content\/uploads\/2017\/03\/MG_3616-han-300x300.jpg"}],"twitter_card":"summary_large_image","twitter_misc":{"Est. reading time":"2 minutes"},"schema":{"@context":"https:\/\/schema.org","@graph":[{"@type":"WebPage","@id":"https:\/\/www.thermotel-dax.com\/en\/loisirs-tourisme\/","url":"https:\/\/www.thermotel-dax.com\/en\/loisirs-tourisme\/","name":"Accomodation for weekend, stay and holidays in Dax","isPartOf":{"@id":"https:\/\/thermotel-dax.com\/#website"},"datePublished":"2017-08-01T12:38:23+00:00","dateModified":"2017-09-07T15:45:16+00:00","description":"Thermotel: the freedom of a studio or apartment with the services of a hotel. The ideal accommodation for a weekend, a stay or your holidays in Dax","breadcrumb":{"@id":"https:\/\/www.thermotel-dax.com\/en\/loisirs-tourisme\/#breadcrumb"},"inLanguage":"en-US","potentialAction":[{"@type":"ReadAction","target":["https:\/\/www.thermotel-dax.com\/en\/loisirs-tourisme\/"]}]},{"@type":"BreadcrumbList","@id":"https:\/\/www.thermotel-dax.com\/en\/loisirs-tourisme\/#breadcrumb","itemListElement":[{"@type":"ListItem","position":1,"name":"Accueil","item":"https:\/\/www.thermotel-dax.com\/en\/"},{"@type":"ListItem","position":2,"name":"Leisure &#038; tourism"}]},{"@type":"WebSite","@id":"https:\/\/thermotel-dax.com\/#website","url":"https:\/\/thermotel-dax.com\/","name":"","description":"H\u00f4tel d\u00e9di\u00e9 \u00e0 vos cures thermales au coeur de la cit\u00e9 thermale de Dax dans les Landes","potentialAction":[{"@type":"SearchAction","target":{"@type":"EntryPoint","urlTemplate":"https:\/\/thermotel-dax.com\/?s={search_term_string}"},"query-input":"required name=search_term_string"}],"inLanguage":"en-US"}]}},"_links":{"self":[{"href":"https:\/\/thermotel-dax.com\/en\/wp-json\/wp\/v2\/pages\/1365"}],"collection":[{"href":"https:\/\/thermotel-dax.com\/en\/wp-json\/wp\/v2\/pages"}],"about":[{"href":"https:\/\/thermotel-dax.com\/en\/wp-json\/wp\/v2\/types\/page"}],"author":[{"embeddable":true,"href":"https:\/\/thermotel-dax.com\/en\/wp-json\/wp\/v2\/users\/6"}],"replies":[{"embeddable":true,"href":"https:\/\/thermotel-dax.com\/en\/wp-json\/wp\/v2\/comments?post=1365"}],"version-history":[{"count":8,"href":"https:\/\/thermotel-dax.com\/en\/wp-json\/wp\/v2\/pages\/1365\/revisions"}],"predecessor-version":[{"id":1497,"href":"https:\/\/thermotel-dax.com\/en\/wp-json\/wp\/v2\/pages\/1365\/revisions\/1497"}],"wp:attachment":[{"href":"https:\/\/thermotel-dax.com\/en\/wp-json\/wp\/v2\/media?parent=1365"}],"curies":[{"name":"wp","href":"https:\/\/api.w.org\/{rel}","templated":true}]}}