{"id":1364,"date":"2017-08-01T12:38:22","date_gmt":"2017-08-01T12:38:22","guid":{"rendered":"https:\/\/www.thermotel-dax.com\/bien-etre-cure\/"},"modified":"2017-08-11T08:46:02","modified_gmt":"2017-08-11T08:46:02","slug":"bien-etre-cure","status":"publish","type":"page","link":"https:\/\/thermotel-dax.com\/en\/bien-etre-cure\/","title":{"rendered":"Wellness &#038; cure"},"content":{"rendered":"<p>[vc_row][vc_column][vc_column_text]To come to DAX for a thermal treatment is to choose THE thermal station in matters of rheumatology, thanks, in particular, to the notoriety of its mud: \u201cthe p\u00e9lo\u00efde\u201d, unique in the world. It goes without saying that the Station of Dax is perfectly appropriate for multiple painful pathologies: osteoarthritis, inflammatory rheumatisms, effects of traumatisms, articular complications, etc.<\/p>\n<p>DAX is also the privileged destination for phlebology. Its mineral water is recommended for vein pathologies of the lower limbs: effects of phlebitis, venous insufficiency with functional, trophic or skin troubles&#8230;<\/p>\n<p>For patients suffering from fibromyalgia, DAX proposes a non-medicated response to treatment of their pain, by associating the two previously mentioned treatments with specific additional activities for chronic pain (light gymnastics, fitness trails, sophrology, etc&#8230;)<\/p>\n<p>Finally, in addition to packages reimbursed by the national health insurance, \u201cshort-stay\u201d packages with a preventative aim have been put into place. They are intended for people of all ages, still working or retired, who don\u2019t have the possibility of spending 3 weeks in DAX, but who want to preserve their health and to delay the symptoms of ageing.<\/p>\n<p>THERMOTEL, being directly connected to the Thermes B\u00e9rot thermal treatment centre, is the perfect place to stay during your treatment.<\/p>\n<p>The <a href=\"http:\/\/www.thermes-berot.com\">Thermes B\u00e9rot<\/a> are dedicated to offering treatments which are constantly modernised with efficient installations and equipment adapted to the needs of our times, very safe on a sanitary level, accompanied by global analysis on a listening, education and advisory basis. Their knowledge and the professionalism of their personnel, associated with optimal sanitary safety of the thermal products, have enabled them to be the first to obtain the dual certification ISO 9001 and Aquacert Thermalism.[\/vc_column_text][vc_empty_space][vc_column_text]<\/p>\n<p class=\"aligncenter images-grid\" style=\"text-align: center;\"><img class=\"\" src=\"https:\/\/www.thermotel-dax.com\/content\/uploads\/2017\/03\/diapo-6-7-soins-massage.jpg\" alt=\"Bien \u00eatre et cure \u00e0 Dax Thermotel\" width=\"300\" height=\"300\" \/><img class=\"\" src=\"https:\/\/www.thermotel-dax.com\/content\/uploads\/2017\/03\/piscine-thermes.jpg\" alt=\"Bien \u00eatre et cure \u00e0 Dax Thermotel\" width=\"300\" height=\"300\" \/><img class=\"\" src=\"https:\/\/www.thermotel-dax.com\/content\/uploads\/2017\/03\/thermes-cure-dax-2.jpg\" alt=\"Bien \u00eatre et cure \u00e0 Dax Thermotel\" width=\"300\" height=\"300\" \/><\/p>\n<p>[\/vc_column_text][vc_empty_space][vc_column_text]The thermal treatment is primarily synonymous with rest, well-being and comfort. THERMOTEL offers the services of a 3* hotel and the liberty of a residence, optimising the benefits of your thermal treatment.<\/p>\n<p>Our hostesses will assist you in concocting a tailor-made stay as soon as you communicate your desideratas (traditional treatment, independent treatment, Fangoforme, Aquaforme, Rosavita etc., the dates of your treatment). <\/p>\n<p>As well, as soon as you arrive at THERMOTEL, you will enjoy a personalised welcome and all of the explications and answers to your questions to begin your treatment serenely. You need only to go directly from the THERMOTEL to the Thermal establishment, wearing the dressing gown provided in your apartment, without going outside, by following the corridor connecting the two establishments. <\/p>\n<p>If your doctor prescribes rest time, you will be able to return to your studio or apartment to rest \u201cat home\u201d.<\/p>\n<p>THERMOTEL provides you with all of the possibilities. It\u2019s your move![\/vc_column_text][\/vc_column][\/vc_row]<\/p>\n","protected":false},"excerpt":{"rendered":"<p>[vc_row][vc_column][vc_column_text]To come to DAX for a thermal treatment is to choose THE thermal station in matters of rheumatology, thanks, in particular, to the notoriety of its mud: \u201cthe p\u00e9lo\u00efde\u201d, unique in the world. It goes without saying that the Station of Dax is perfectly appropriate for multiple painful pathologies: osteoarthritis, inflammatory rheumatisms, effects of traumatisms, [&hellip;]<\/p>\n","protected":false},"author":6,"featured_media":0,"parent":0,"menu_order":0,"comment_status":"closed","ping_status":"closed","template":"","meta":{"inline_featured_image":false},"yoast_head":"<!-- This site is optimized with the Yoast SEO plugin v19.13 - https:\/\/yoast.com\/wordpress\/plugins\/seo\/ -->\n<title>Thermal spa hotel in Dax (connected to the B\u00e9rot thermal baths).<\/title>\n<meta name=\"description\" content=\"Thermotel, connected to the thermal baths B\u00e9rot, your ideal accommodation for a spa in Dax: enjoy the freedom of a studio with the services of a hotel.\" \/>\n<meta name=\"robots\" content=\"index, follow, max-snippet:-1, max-image-preview:large, max-video-preview:-1\" \/>\n<link rel=\"canonical\" href=\"https:\/\/www.thermotel-dax.com\/en\/bien-etre-cure\/\" \/>\n<meta property=\"og:locale\" content=\"en_US\" \/>\n<meta property=\"og:type\" content=\"article\" \/>\n<meta property=\"og:title\" content=\"Thermal spa hotel in Dax (connected to the B\u00e9rot thermal baths).\" \/>\n<meta property=\"og:description\" content=\"Thermotel, connected to the thermal baths B\u00e9rot, your ideal accommodation for a spa in Dax: enjoy the freedom of a studio with the services of a hotel.\" \/>\n<meta property=\"og:url\" content=\"https:\/\/www.thermotel-dax.com\/en\/bien-etre-cure\/\" \/>\n<meta property=\"article:publisher\" content=\"https:\/\/www.facebook.com\/ThermesBerot\/\" \/>\n<meta property=\"article:modified_time\" content=\"2017-08-11T08:46:02+00:00\" \/>\n<meta property=\"og:image\" content=\"https:\/\/www.thermotel-dax.com\/content\/uploads\/2017\/03\/diapo-6-7-soins-massage.jpg\" \/>\n<meta name=\"twitter:card\" content=\"summary_large_image\" \/>\n<meta name=\"twitter:label1\" content=\"Est. reading time\" \/>\n\t<meta name=\"twitter:data1\" content=\"2 minutes\" \/>\n<script type=\"application\/ld+json\" class=\"yoast-schema-graph\">{\"@context\":\"https:\/\/schema.org\",\"@graph\":[{\"@type\":\"WebPage\",\"@id\":\"https:\/\/www.thermotel-dax.com\/en\/bien-etre-cure\/\",\"url\":\"https:\/\/www.thermotel-dax.com\/en\/bien-etre-cure\/\",\"name\":\"Thermal spa hotel in Dax (connected to the B\u00e9rot thermal baths).\",\"isPartOf\":{\"@id\":\"https:\/\/thermotel-dax.com\/#website\"},\"datePublished\":\"2017-08-01T12:38:22+00:00\",\"dateModified\":\"2017-08-11T08:46:02+00:00\",\"description\":\"Thermotel, connected to the thermal baths B\u00e9rot, your ideal accommodation for a spa in Dax: enjoy the freedom of a studio with the services of a hotel.\",\"breadcrumb\":{\"@id\":\"https:\/\/www.thermotel-dax.com\/en\/bien-etre-cure\/#breadcrumb\"},\"inLanguage\":\"en-US\",\"potentialAction\":[{\"@type\":\"ReadAction\",\"target\":[\"https:\/\/www.thermotel-dax.com\/en\/bien-etre-cure\/\"]}]},{\"@type\":\"BreadcrumbList\",\"@id\":\"https:\/\/www.thermotel-dax.com\/en\/bien-etre-cure\/#breadcrumb\",\"itemListElement\":[{\"@type\":\"ListItem\",\"position\":1,\"name\":\"Accueil\",\"item\":\"https:\/\/www.thermotel-dax.com\/en\/\"},{\"@type\":\"ListItem\",\"position\":2,\"name\":\"Wellness &#038; cure\"}]},{\"@type\":\"WebSite\",\"@id\":\"https:\/\/thermotel-dax.com\/#website\",\"url\":\"https:\/\/thermotel-dax.com\/\",\"name\":\"\",\"description\":\"H\u00f4tel d\u00e9di\u00e9 \u00e0 vos cures thermales au coeur de la cit\u00e9 thermale de Dax dans les Landes\",\"potentialAction\":[{\"@type\":\"SearchAction\",\"target\":{\"@type\":\"EntryPoint\",\"urlTemplate\":\"https:\/\/thermotel-dax.com\/?s={search_term_string}\"},\"query-input\":\"required name=search_term_string\"}],\"inLanguage\":\"en-US\"}]}<\/script>\n<!-- \/ Yoast SEO plugin. -->","yoast_head_json":{"title":"Thermal spa hotel in Dax (connected to the B\u00e9rot thermal baths).","description":"Thermotel, connected to the thermal baths B\u00e9rot, your ideal accommodation for a spa in Dax: enjoy the freedom of a studio with the services of a hotel.","robots":{"index":"index","follow":"follow","max-snippet":"max-snippet:-1","max-image-preview":"max-image-preview:large","max-video-preview":"max-video-preview:-1"},"canonical":"https:\/\/www.thermotel-dax.com\/en\/bien-etre-cure\/","og_locale":"en_US","og_type":"article","og_title":"Thermal spa hotel in Dax (connected to the B\u00e9rot thermal baths).","og_description":"Thermotel, connected to the thermal baths B\u00e9rot, your ideal accommodation for a spa in Dax: enjoy the freedom of a studio with the services of a hotel.","og_url":"https:\/\/www.thermotel-dax.com\/en\/bien-etre-cure\/","article_publisher":"https:\/\/www.facebook.com\/ThermesBerot\/","article_modified_time":"2017-08-11T08:46:02+00:00","og_image":[{"url":"https:\/\/www.thermotel-dax.com\/content\/uploads\/2017\/03\/diapo-6-7-soins-massage.jpg"}],"twitter_card":"summary_large_image","twitter_misc":{"Est. reading time":"2 minutes"},"schema":{"@context":"https:\/\/schema.org","@graph":[{"@type":"WebPage","@id":"https:\/\/www.thermotel-dax.com\/en\/bien-etre-cure\/","url":"https:\/\/www.thermotel-dax.com\/en\/bien-etre-cure\/","name":"Thermal spa hotel in Dax (connected to the B\u00e9rot thermal baths).","isPartOf":{"@id":"https:\/\/thermotel-dax.com\/#website"},"datePublished":"2017-08-01T12:38:22+00:00","dateModified":"2017-08-11T08:46:02+00:00","description":"Thermotel, connected to the thermal baths B\u00e9rot, your ideal accommodation for a spa in Dax: enjoy the freedom of a studio with the services of a hotel.","breadcrumb":{"@id":"https:\/\/www.thermotel-dax.com\/en\/bien-etre-cure\/#breadcrumb"},"inLanguage":"en-US","potentialAction":[{"@type":"ReadAction","target":["https:\/\/www.thermotel-dax.com\/en\/bien-etre-cure\/"]}]},{"@type":"BreadcrumbList","@id":"https:\/\/www.thermotel-dax.com\/en\/bien-etre-cure\/#breadcrumb","itemListElement":[{"@type":"ListItem","position":1,"name":"Accueil","item":"https:\/\/www.thermotel-dax.com\/en\/"},{"@type":"ListItem","position":2,"name":"Wellness &#038; cure"}]},{"@type":"WebSite","@id":"https:\/\/thermotel-dax.com\/#website","url":"https:\/\/thermotel-dax.com\/","name":"","description":"H\u00f4tel d\u00e9di\u00e9 \u00e0 vos cures thermales au coeur de la cit\u00e9 thermale de Dax dans les Landes","potentialAction":[{"@type":"SearchAction","target":{"@type":"EntryPoint","urlTemplate":"https:\/\/thermotel-dax.com\/?s={search_term_string}"},"query-input":"required name=search_term_string"}],"inLanguage":"en-US"}]}},"_links":{"self":[{"href":"https:\/\/thermotel-dax.com\/en\/wp-json\/wp\/v2\/pages\/1364"}],"collection":[{"href":"https:\/\/thermotel-dax.com\/en\/wp-json\/wp\/v2\/pages"}],"about":[{"href":"https:\/\/thermotel-dax.com\/en\/wp-json\/wp\/v2\/types\/page"}],"author":[{"embeddable":true,"href":"https:\/\/thermotel-dax.com\/en\/wp-json\/wp\/v2\/users\/6"}],"replies":[{"embeddable":true,"href":"https:\/\/thermotel-dax.com\/en\/wp-json\/wp\/v2\/comments?post=1364"}],"version-history":[{"count":5,"href":"https:\/\/thermotel-dax.com\/en\/wp-json\/wp\/v2\/pages\/1364\/revisions"}],"predecessor-version":[{"id":1432,"href":"https:\/\/thermotel-dax.com\/en\/wp-json\/wp\/v2\/pages\/1364\/revisions\/1432"}],"wp:attachment":[{"href":"https:\/\/thermotel-dax.com\/en\/wp-json\/wp\/v2\/media?parent=1364"}],"curies":[{"name":"wp","href":"https:\/\/api.w.org\/{rel}","templated":true}]}}