{"id":1363,"date":"2017-08-01T12:38:21","date_gmt":"2017-08-01T12:38:21","guid":{"rendered":"https:\/\/www.thermotel-dax.com\/contact-informations-utiles\/"},"modified":"2022-03-14T16:11:28","modified_gmt":"2022-03-14T16:11:28","slug":"contact-informations-utiles","status":"publish","type":"page","link":"https:\/\/thermotel-dax.com\/en\/contact-informations-utiles\/","title":{"rendered":"Contact &#038; usefull infos"},"content":{"rendered":"<p>[vc_row][vc_column width=&#8221;1\/3&#8243;][vc_row_inner][vc_column_inner]<div class=\"title-lux\"><div class=\"tl__brace\"><\/div><h2 class=\"tl__heading\">Thermotel<\/h2><div class=\"tl__subtitle\"><\/div><div class=\"tl__brace tl__brace--bottom\"><\/div><\/div><div class=\"vc-spacer mt-2\"><\/div>[vc_column_text]<a href=\"mailto:thermotel@berot.com\">thermotel@berot.com<\/a><\/p>\n<p>3-5 Cours Joffre &#8211; Bp 156<\/p>\n<p>40104 Dax cedex<\/p>\n<p>Email : <button class=\"show-mail-contact button-link btn-xs\" data-mail-contact=\"thermotel@berot.com\" data-target=\"page_contact\"><i class=\"fa fa-envelope-o\" aria-hidden=\"true\"><\/i> Show email<\/button><br \/>\nPhone : <button class=\"show-phone-number button-link btn-xs\" data-phone-number=\"05 58 90 40 01\" data-target=\"page_contact\"><i class=\"fa fa-phone\" aria-hidden=\"true\"><\/i> Show phone number<\/button><br \/>\nFax 05 58 90 40 02[\/vc_column_text][\/vc_column_inner][\/vc_row_inner]<div class=\"vc-spacer mt-2\"><\/div>[vc_single_image image=&#8221;1312&#8243; img_size=&#8221;medium&#8221;][\/vc_column][vc_column width=&#8221;2\/3&#8243;]<div class=\"title-lux\"><div class=\"tl__brace\"><\/div><h2 class=\"tl__heading\">Send us an email<\/h2><div class=\"tl__subtitle\"><\/div><div class=\"tl__brace tl__brace--bottom\"><\/div><\/div><div class=\"vc-spacer mt-2\"><\/div><div role=\"form\" class=\"wpcf7\" id=\"wpcf7-f2056-o1\" lang=\"fr-FR\" dir=\"ltr\">\n<div class=\"screen-reader-response\"><p role=\"status\" aria-live=\"polite\" aria-atomic=\"true\"><\/p> <ul><\/ul><\/div>\n<form action=\"\/en\/wp-json\/wp\/v2\/pages\/1363#wpcf7-f2056-o1\" method=\"post\" class=\"wpcf7-form init\" novalidate=\"novalidate\" data-status=\"init\">\n<div style=\"display: none;\">\n<input type=\"hidden\" name=\"_wpcf7\" value=\"2056\" \/>\n<input type=\"hidden\" name=\"_wpcf7_version\" value=\"5.6.4\" \/>\n<input type=\"hidden\" name=\"_wpcf7_locale\" value=\"fr_FR\" \/>\n<input type=\"hidden\" name=\"_wpcf7_unit_tag\" value=\"wpcf7-f2056-o1\" \/>\n<input type=\"hidden\" name=\"_wpcf7_container_post\" value=\"0\" \/>\n<input type=\"hidden\" name=\"_wpcf7_posted_data_hash\" value=\"\" \/>\n<\/div>\n<div class=\"form--half-line\">\n<div class=\"row\">\n<div class=\"small-12 large-6 columns\">\n      <label class=\"label--half\">Name <span>*<\/span><br \/>\n        <span class=\"wpcf7-form-control-wrap\" data-name=\"your-name\"><input type=\"text\" name=\"your-name\" value=\"\" size=\"40\" class=\"wpcf7-form-control wpcf7-text wpcf7-validates-as-required\" aria-required=\"true\" aria-invalid=\"false\" placeholder=\"Name and surname\" \/><\/span><br \/>\n      <\/label><br \/>\n      <label class=\"label--half\">Email address <span>*<\/span><br \/>\n        <span class=\"wpcf7-form-control-wrap\" data-name=\"your-email\"><input type=\"email\" name=\"your-email\" value=\"\" size=\"40\" class=\"wpcf7-form-control wpcf7-text wpcf7-email wpcf7-validates-as-required wpcf7-validates-as-email\" aria-required=\"true\" aria-invalid=\"false\" placeholder=\"Email address\" \/><\/span><br \/>\n      <\/label><br \/>\n      <label class=\"label--half\">Subject<br \/>\n        <span class=\"wpcf7-form-control-wrap\" data-name=\"topic\"><select name=\"topic\" class=\"wpcf7-form-control wpcf7-select\" aria-invalid=\"false\"><option value=\"\">---<\/option><option value=\"Booking\">Booking<\/option><option value=\"Question\">Question<\/option><option value=\"Other\">Other<\/option><\/select><\/span><br \/>\n      <\/label>\n    <\/div>\n<div class=\"small-12 large-6 columns\">\n      <label class=\"label--half label--half-textarea\">Message <span>*<\/span><br \/>\n        <span class=\"wpcf7-form-control-wrap\" data-name=\"your-message\"><textarea name=\"your-message\" cols=\"40\" rows=\"10\" class=\"wpcf7-form-control wpcf7-textarea wpcf7-validates-as-required\" aria-required=\"true\" aria-invalid=\"false\" placeholder=\"Message\"><\/textarea><\/span><br \/>\n      <\/label>\n    <\/div>\n<\/div>\n<div class=\"row\">\n<div class=\"small-12 columns text-left\">\n       <span class=\"wpcf7-form-control-wrap\" data-name=\"rgpd\"><span class=\"wpcf7-form-control wpcf7-checkbox wpcf7-validates-as-required\"><span class=\"wpcf7-list-item first last\"><input type=\"checkbox\" name=\"rgpd[]\" value=\"By submitting this form I accept that my datas can be used for any commercial relationship.\" \/><span class=\"wpcf7-list-item-label\">By submitting this form I accept that my datas can be used for any commercial relationship.<\/span><\/span><\/span><\/span>\n    <\/div>\n<div class=\"small-12 columns mt-3\">\n       [anr_nocaptcha g-recaptcha-response]\n    <\/div>\n<div class=\"small-12 columns text-right\">\n      <small>You have to fil the entire form<\/small>\n    <\/div>\n<div class=\"small-12 columns mt-3\">\n      <input type=\"submit\" value=\"Send\" class=\"wpcf7-form-control has-spinner wpcf7-submit right\" \/>\n    <\/div>\n<\/div>\n<\/div>\n<input type='hidden' class='wpcf7-pum' value='{\"closepopup\":false,\"closedelay\":0,\"openpopup\":false,\"openpopup_id\":0}' \/><div class=\"wpcf7-response-output\" aria-hidden=\"true\"><\/div><\/form><\/div>[\/vc_column][\/vc_row][vc_row][vc_column]<div class=\"vc-spacer mt-10\"><\/div><div class=\"title-lux\"><div class=\"tl__brace\"><\/div><h2 class=\"tl__heading\">Location and access<\/h2><div class=\"tl__subtitle\">Find your way to Thermotel<\/div><div class=\"tl__brace tl__brace--bottom\"><\/div><\/div><div class=\"vc-spacer mt-4\"><\/div>\n            <form id=\"directions-form\" class=\"form--half-line map__directions mt-6 clearfix hide-for-small-only\">\n              <div class=\"map__transport\">\n                <label class=\"no-lines\">Arriving by<\/label>\n                <ul class=\"maps__travel-mode travel-mode clearfix\">\n                  <li>\n                    <label title=\"Driving\" class=\"icon-car active\">\n                      <input type=\"radio\" name=\"travel-mode\" value=\"DRIVING\" id=\"travel-mode-driving\" alt=\"Driving\" checked class=\"hide\">\n                    <\/label>\n                  <\/li>\n                  <li>\n                    <label title=\"Walking\" class=\"icon-walk\">\n                      <input type=\"radio\" name=\"travel-mode\" value=\"WALKING\" id=\"travel-mode-walking\" alt=\"Walking\" class=\"hide\">\n                    <\/label>\n                  <\/li>\n                  <li>\n                    <label title=\"Biking\" class=\"icon-bicycle\">\n                      <input type=\"radio\" name=\"travel-mode\" value=\"BICYCLING\" id=\"travel-mode-biking\" alt=\"Biking\" class=\"hide\">\n                    <\/label>\n                  <\/li>\n                <\/ul>\n              <\/div>\n              <label class=\"label--half direction-label\">Your location\n                    <input id=\"pointa\" type=\"text\" name=\"pointa\" value=\"\" class=\"form-control radius\">\n              <\/label>\n              <span id=\"swap-ab-points\" title=\"Swap origin and destination\" class=\"swap-button icon-arrow-switch\"><\/span>\n              <label class=\"label--half direction-label\">Destination\n                <input id=\"pointb\" type=\"text\" name=\"pointb\" value=\"Thermotel, Cours du Mar\u00e9chal Joffre, Dax\" class=\"form-control radius\">\n              <\/label>\n              <div class=\"button-group button-group--map js-map-actions\">\n              <a href=\"javascript:void(0)\" class=\"button button--line bold\">Get directions<\/a>\n              <a href=\"javascript:void(0)\" class=\"button button--line bold button--minusbig js-print\">Print<\/a><\/div>\n            <\/form>\n\n             <div id=\"mapdirections\" class=\"hide-for-small-only\">\n              <div id=\"suggested\"><\/div>\n              <div id=\"directions-container\"><\/div>\n             <\/div>\n\n            <div id=\"map\" class=\"map__canvas\"><\/div>\n            <div class=\"js-map-actions map__actions show-for-medium-only\">\n                <a href=\"javascript:void(0)\" class=\"js-print map__actions__print\">\n                    <span class=\"icon--print\"><\/span> Print Directions\n                <\/a>\n            <\/div>\n\n            <script>\n                var image = \"https:\/\/thermotel-dax.com\/content\/uploads\/2016\/03\/logo-mini.png\";\n                var pinImage = 'https:\/\/thermotel-dax.com\/content\/themes\/oihotel\/images\/map\/pin.svg';\n                var lat = \"43.707808\";\n                var lng = \"-1.050820\";\n                var latlng = \"\";\n\n            <\/script>[\/vc_column][\/vc_row][vc_row][vc_column]<div class=\"vc-spacer mt-10\"><\/div><div class=\"title-lux\"><div class=\"tl__brace\"><\/div><h2 class=\"tl__heading\">Prepare your stay<\/h2><div class=\"tl__subtitle\"><\/div><div class=\"tl__brace tl__brace--bottom\"><\/div><\/div><div class=\"vc-spacer mt-4\"><\/div>[vc_column_text]<\/p>\n<p class=\"p1\"><span class=\"s1\">Thermotel is the hotel and 3 * hotel accommodation ideal to welcome you for a weekend, on holiday or for a cure at Thermes B\u00e9rot in Dax in the Landes.<\/span><\/p>\n<p class=\"p1\"><span class=\"s1\"><b>What clothes to bring ?<\/b><\/span><\/p>\n<p class=\"p1\"><span class=\"s1\">In order to prepare your stay with us, our climate is oceanic and temperate. Temperatures are mild but a little wool is often necessary even in summer evenings.<\/span><\/p>\n<p class=\"p1\"><span class=\"s1\">To take advantage of the activities offered on the spot (soft gymnastics, sophrology, pilates beginner, accompanied walking, bicycles provided &#8230;), suitable clothing and comfortable shoes or sports are advised.<\/span><\/p>\n<p class=\"p1\"><span class=\"s1\">Moreover, many excursions are organized to discover our beautiful region. A windbreaker or rainwear can bring additional comfort to Spring and Autumn.<\/span><\/p>\n<h4><span class=\"s1\"><b>Baggage<\/b><\/span><\/h4>\n<p class=\"p1\"><span class=\"s1\">If you are coming by train, know that your luggage can be delivered directly to your rental with us and thus simplify the journey. Our shuttle is at your disposal at the station for an arrival on Saturday.<\/span><\/p>\n<p class=\"p1\"><span class=\"s1\">If you prefer to come by car, parking spaces are reserved in front of our hotel to facilitate the unloading of luggage. You can enjoy private garages as an option. You will find an attached map to let you know how to get there.<\/span><\/p>\n<h4><span class=\"s1\"><b>Linen provided and linen to bring<\/b><\/span><\/h4>\n<p class=\"p1\"><span class=\"s1\">If you are in a cure at the Thermes B\u00e9rot, the linen necessary for treatments (bathrobe and towel) will be waiting for you in your apartment or studio.<\/span><\/p>\n<p class=\"p1\"><span class=\"s1\">Bed linen and towels are provided. However you need to wear tea towels and napkins if you use them.<\/span><\/p>\n<p class=\"p1\"><span class=\"s1\">Do not hesitate to contact our hostesses for any question or special request, your well-being is our priority.<\/span><\/p>\n<h4><span class=\"s1\"><b>How do I cancel a reservation ?<\/b><\/span><\/h4>\n<p class=\"p1\"><span class=\"s1\">Read more on the\u00a0<\/span><a href=\"https:\/\/www.thermotel-dax.com\/en\/cancellation\/\">cancelation page<\/a>.<\/p>\n<p class=\"p1\"><span class=\"s1\">For any information, our hostesses are at your disposal from 8 am to 7 pm 7 days a week.<\/span><\/p>\n<p>[\/vc_column_text][\/vc_column][\/vc_row]<\/p>\n","protected":false},"excerpt":{"rendered":"<p>[vc_row][vc_column width=&#8221;1\/3&#8243;][vc_row_inner][vc_column_inner][vc_column_text]thermotel@berot.com 3-5 Cours Joffre &#8211; Bp 156 40104 Dax cedex Email : Phone : Fax 05 58 90 40 02[\/vc_column_text][\/vc_column_inner][\/vc_row_inner][vc_single_image image=&#8221;1312&#8243; img_size=&#8221;medium&#8221;][\/vc_column][vc_column width=&#8221;2\/3&#8243;][\/vc_column][\/vc_row][vc_row][vc_column][\/vc_column][\/vc_row][vc_row][vc_column][vc_column_text] Thermotel is the hotel and 3 * hotel accommodation ideal to welcome you for a weekend, on holiday or for a cure at Thermes B\u00e9rot in Dax in the Landes. What [&hellip;]<\/p>\n","protected":false},"author":6,"featured_media":0,"parent":0,"menu_order":6,"comment_status":"closed","ping_status":"closed","template":"","meta":{"inline_featured_image":false},"yoast_head":"<!-- This site is optimized with the Yoast SEO plugin v19.13 - https:\/\/yoast.com\/wordpress\/plugins\/seo\/ -->\n<title>Contact and access to Thermotel | Rent in Dax<\/title>\n<meta name=\"description\" content=\"Thermotel, connected to the thermal baths B\u00e9rot, offers the rental of studio and apartment for curist in Dax. Find here contact and access information.\" \/>\n<meta name=\"robots\" content=\"index, follow, max-snippet:-1, max-image-preview:large, max-video-preview:-1\" \/>\n<link rel=\"canonical\" href=\"https:\/\/www.thermotel-dax.com\/en\/contact-informations-utiles\/\" \/>\n<meta property=\"og:locale\" content=\"en_US\" \/>\n<meta property=\"og:type\" content=\"article\" \/>\n<meta property=\"og:title\" content=\"Contact and access to Thermotel | Rent in Dax\" \/>\n<meta property=\"og:description\" content=\"Thermotel, connected to the thermal baths B\u00e9rot, offers the rental of studio and apartment for curist in Dax. Find here contact and access information.\" \/>\n<meta property=\"og:url\" content=\"https:\/\/www.thermotel-dax.com\/en\/contact-informations-utiles\/\" \/>\n<meta property=\"article:publisher\" content=\"https:\/\/www.facebook.com\/ThermesBerot\/\" \/>\n<meta property=\"article:modified_time\" content=\"2022-03-14T16:11:28+00:00\" \/>\n<meta name=\"twitter:card\" content=\"summary_large_image\" \/>\n<meta name=\"twitter:label1\" content=\"Est. reading time\" \/>\n\t<meta name=\"twitter:data1\" content=\"2 minutes\" \/>\n<script type=\"application\/ld+json\" class=\"yoast-schema-graph\">{\"@context\":\"https:\/\/schema.org\",\"@graph\":[{\"@type\":\"WebPage\",\"@id\":\"https:\/\/www.thermotel-dax.com\/en\/contact-informations-utiles\/\",\"url\":\"https:\/\/www.thermotel-dax.com\/en\/contact-informations-utiles\/\",\"name\":\"Contact and access to Thermotel | Rent in Dax\",\"isPartOf\":{\"@id\":\"https:\/\/thermotel-dax.com\/#website\"},\"datePublished\":\"2017-08-01T12:38:21+00:00\",\"dateModified\":\"2022-03-14T16:11:28+00:00\",\"description\":\"Thermotel, connected to the thermal baths B\u00e9rot, offers the rental of studio and apartment for curist in Dax. Find here contact and access information.\",\"breadcrumb\":{\"@id\":\"https:\/\/www.thermotel-dax.com\/en\/contact-informations-utiles\/#breadcrumb\"},\"inLanguage\":\"en-US\",\"potentialAction\":[{\"@type\":\"ReadAction\",\"target\":[\"https:\/\/www.thermotel-dax.com\/en\/contact-informations-utiles\/\"]}]},{\"@type\":\"BreadcrumbList\",\"@id\":\"https:\/\/www.thermotel-dax.com\/en\/contact-informations-utiles\/#breadcrumb\",\"itemListElement\":[{\"@type\":\"ListItem\",\"position\":1,\"name\":\"Accueil\",\"item\":\"https:\/\/www.thermotel-dax.com\/en\/\"},{\"@type\":\"ListItem\",\"position\":2,\"name\":\"Contact &#038; usefull infos\"}]},{\"@type\":\"WebSite\",\"@id\":\"https:\/\/thermotel-dax.com\/#website\",\"url\":\"https:\/\/thermotel-dax.com\/\",\"name\":\"\",\"description\":\"H\u00f4tel d\u00e9di\u00e9 \u00e0 vos cures thermales au coeur de la cit\u00e9 thermale de Dax dans les Landes\",\"potentialAction\":[{\"@type\":\"SearchAction\",\"target\":{\"@type\":\"EntryPoint\",\"urlTemplate\":\"https:\/\/thermotel-dax.com\/?s={search_term_string}\"},\"query-input\":\"required name=search_term_string\"}],\"inLanguage\":\"en-US\"}]}<\/script>\n<!-- \/ Yoast SEO plugin. -->","yoast_head_json":{"title":"Contact and access to Thermotel | Rent in Dax","description":"Thermotel, connected to the thermal baths B\u00e9rot, offers the rental of studio and apartment for curist in Dax. Find here contact and access information.","robots":{"index":"index","follow":"follow","max-snippet":"max-snippet:-1","max-image-preview":"max-image-preview:large","max-video-preview":"max-video-preview:-1"},"canonical":"https:\/\/www.thermotel-dax.com\/en\/contact-informations-utiles\/","og_locale":"en_US","og_type":"article","og_title":"Contact and access to Thermotel | Rent in Dax","og_description":"Thermotel, connected to the thermal baths B\u00e9rot, offers the rental of studio and apartment for curist in Dax. Find here contact and access information.","og_url":"https:\/\/www.thermotel-dax.com\/en\/contact-informations-utiles\/","article_publisher":"https:\/\/www.facebook.com\/ThermesBerot\/","article_modified_time":"2022-03-14T16:11:28+00:00","twitter_card":"summary_large_image","twitter_misc":{"Est. reading time":"2 minutes"},"schema":{"@context":"https:\/\/schema.org","@graph":[{"@type":"WebPage","@id":"https:\/\/www.thermotel-dax.com\/en\/contact-informations-utiles\/","url":"https:\/\/www.thermotel-dax.com\/en\/contact-informations-utiles\/","name":"Contact and access to Thermotel | Rent in Dax","isPartOf":{"@id":"https:\/\/thermotel-dax.com\/#website"},"datePublished":"2017-08-01T12:38:21+00:00","dateModified":"2022-03-14T16:11:28+00:00","description":"Thermotel, connected to the thermal baths B\u00e9rot, offers the rental of studio and apartment for curist in Dax. Find here contact and access information.","breadcrumb":{"@id":"https:\/\/www.thermotel-dax.com\/en\/contact-informations-utiles\/#breadcrumb"},"inLanguage":"en-US","potentialAction":[{"@type":"ReadAction","target":["https:\/\/www.thermotel-dax.com\/en\/contact-informations-utiles\/"]}]},{"@type":"BreadcrumbList","@id":"https:\/\/www.thermotel-dax.com\/en\/contact-informations-utiles\/#breadcrumb","itemListElement":[{"@type":"ListItem","position":1,"name":"Accueil","item":"https:\/\/www.thermotel-dax.com\/en\/"},{"@type":"ListItem","position":2,"name":"Contact &#038; usefull infos"}]},{"@type":"WebSite","@id":"https:\/\/thermotel-dax.com\/#website","url":"https:\/\/thermotel-dax.com\/","name":"","description":"H\u00f4tel d\u00e9di\u00e9 \u00e0 vos cures thermales au coeur de la cit\u00e9 thermale de Dax dans les Landes","potentialAction":[{"@type":"SearchAction","target":{"@type":"EntryPoint","urlTemplate":"https:\/\/thermotel-dax.com\/?s={search_term_string}"},"query-input":"required name=search_term_string"}],"inLanguage":"en-US"}]}},"_links":{"self":[{"href":"https:\/\/thermotel-dax.com\/en\/wp-json\/wp\/v2\/pages\/1363"}],"collection":[{"href":"https:\/\/thermotel-dax.com\/en\/wp-json\/wp\/v2\/pages"}],"about":[{"href":"https:\/\/thermotel-dax.com\/en\/wp-json\/wp\/v2\/types\/page"}],"author":[{"embeddable":true,"href":"https:\/\/thermotel-dax.com\/en\/wp-json\/wp\/v2\/users\/6"}],"replies":[{"embeddable":true,"href":"https:\/\/thermotel-dax.com\/en\/wp-json\/wp\/v2\/comments?post=1363"}],"version-history":[{"count":34,"href":"https:\/\/thermotel-dax.com\/en\/wp-json\/wp\/v2\/pages\/1363\/revisions"}],"predecessor-version":[{"id":2058,"href":"https:\/\/thermotel-dax.com\/en\/wp-json\/wp\/v2\/pages\/1363\/revisions\/2058"}],"wp:attachment":[{"href":"https:\/\/thermotel-dax.com\/en\/wp-json\/wp\/v2\/media?parent=1363"}],"curies":[{"name":"wp","href":"https:\/\/api.w.org\/{rel}","templated":true}]}}