{"id":1359,"date":"2017-08-01T12:37:44","date_gmt":"2017-08-01T12:37:44","guid":{"rendered":"https:\/\/www.thermotel-dax.com\/a-propos-de-thermotel\/"},"modified":"2018-01-11T11:57:53","modified_gmt":"2018-01-11T11:57:53","slug":"about-thermotel","status":"publish","type":"page","link":"https:\/\/thermotel-dax.com\/en\/about-thermotel\/","title":{"rendered":"About Thermotel"},"content":{"rendered":"<p>[vc_row][vc_column]<div class=\"title-lux\"><div class=\"tl__brace\"><\/div><h2 class=\"tl__heading\">The Thermotel institution<\/h2><div class=\"tl__subtitle\"><\/div><div class=\"tl__brace tl__brace--bottom\"><\/div><\/div>[vc_column_text]<\/p>\n<p class=\"p1\"><span class=\"s1\">With 77 studios and 20 1-bedroom apartments, Thermotel is the perfect accommodation for a stay in the heart of the Landes. <\/span><\/p>\n<p class=\"p1\"><span class=\"s1\">You can stay here if you wish to do <a href=\"http:\/\/www.thermes-berot.com\/\">thermal therapy in Dax<\/a> as Thermotel is directly connected to the Thermes B\u00e9rot and provides you with all of the comfort of an integrated accommodation.<\/span><\/p>\n<p class=\"p1\"><span class=\"s1\">We are located in the heart of the town centre of Dax, close to the town hall park and Notre Dame Sainte Marie, a Catholic cathedral of Roman architecture which is listed as a national historical monument.<\/span><\/p>\n<p>[\/vc_column_text]<div class=\"vc-spacer mt-5\"><\/div>[vc_column_text]<\/p>\n<p class=\"aligncenter images-grid\" style=\"text-align: center;\"><img class=\"\" style=\"margin: 0 30px;\" src=\"https:\/\/www.thermotel-dax.com\/content\/uploads\/2016\/03\/XSP_0941-200x300.jpg\" alt=\"\u00e9tablissement Thermotel Dax\" width=\"200\" height=\"300\" \/><img class=\"\" style=\"margin: 0 30px;\" src=\"https:\/\/www.thermotel-dax.com\/content\/uploads\/2016\/03\/XSP_0939-200x300.jpg\" alt=\"\u00e9tablissement Thermotel Dax\" width=\"200\" height=\"300\" \/><img class=\"\" style=\"margin: 0 30px;\" src=\"https:\/\/www.thermotel-dax.com\/content\/uploads\/2016\/03\/XSP_0832-200x300.jpg\" alt=\"\u00e9tablissement Thermotel Dax\" width=\"200\" height=\"300\" \/><\/p>\n<p>[\/vc_column_text]<div class=\"vc-spacer mt-5\"><\/div><div class=\"title-lux\"><div class=\"tl__brace\"><\/div><h2 class=\"tl__heading\">Localisation and access<\/h2><div class=\"tl__subtitle\"><\/div><div class=\"tl__brace tl__brace--bottom\"><\/div><\/div>[vc_column_text]<\/p>\n<p class=\"p1\"><span class=\"s1\">If you wish to come by car, we have private car parks and garages.<\/span><\/p>\n<p class=\"p1\"><span class=\"s1\">If you prefer the train, the Dax train station has both the LGV and the Atlantic TGV. We are only 3 hours and 15 minutes from Paris Montparnasse train station. On Saturday, our free shuttle is available to transfer you to and from the train station.<\/span><\/p>\n<p class=\"p1\"><span class=\"s1\">If you arrive by plane, the closest airports are Biarritz Parme and Pau Uzein.<\/span><\/p>\n<p>[\/vc_column_text]<a href=\"https:\/\/www.thermotel-dax.com\/en\/contact-informations-utiles\/\" title=\"\" target=\"\" rel=\"\"class=\"button btn-icon btn-icon--left inline small  mt-2 text-bold  secondary\"><span class=\"icon-more\"><\/span> Learn More<\/a><div class=\"vc-spacer mt-5\"><\/div><div class=\"title-lux\"><div class=\"tl__brace\"><\/div><h2 class=\"tl__heading\">CONVENIENCE AND SERVICES<\/h2><div class=\"tl__subtitle\"><\/div><div class=\"tl__brace tl__brace--bottom\"><\/div><\/div>[vc_column_text]<\/p>\n<p class=\"p1\"><span class=\"s1\">Our hotel-studio welcomes you 24\/7 and has lifts, free Wifi, postal service (receiving\/sending), and delivery of prepared dishes every day including weekends.<\/span><\/p>\n<p class=\"p1\"><span class=\"s1\">Breakfast is served in our breakfast room or in your room.<\/span><\/p>\n<p class=\"p1\"><span class=\"s1\">All of our accommodations are fitted out for your comfort.<\/span><\/p>\n<p class=\"p1\"><span class=\"s1\">Sheets and towels are provided, towels\/dressing gowns for thermal treatment are available free of charge.<\/span><\/p>\n<p class=\"p1\"><span class=\"s1\">Housekeeping is done by qualified room attendants.<\/span><\/p>\n<p class=\"p1\"><span class=\"s1\">Each room is equipped with free Wifi. Most of the hotel is air conditioned.<\/span><\/p>\n<p class=\"p1\"><span class=\"s1\">People with reduced mobility are welcome.<\/span><\/p>\n<p class=\"p1\"><span class=\"s1\">Choose the apartments with terraces for your four-legged friends. <\/span><\/p>\n<p class=\"p1\"><span class=\"s1\">Our team is available for any information concerning local activities and visits. We can also assist you to make your reservations.<\/span><\/p>\n<p class=\"p1\"><span class=\"s1\">We are a \u201cCyclenville\u201d or \u201cBicycling in Town\u201d station and have a partnership with the urban conglomeration of Grand Dax in order to provide bicycles free of charge.<\/span><\/p>\n<p class=\"p1\"><span class=\"s1\">You also have access to a computer room with free internet access as well as a laundry room with a washing machine, dryer, iron and ironing board.<\/span><\/p>\n<p class=\"p1\"><span class=\"s1\">We accept cash, checks, credit\/debit cards and holiday vouchers (ch\u00e8ques vacances).<\/span><\/p>\n<p>[\/vc_column_text]<div class=\"vc-spacer mt-5\"><\/div><div class=\"title-lux\"><div class=\"tl__brace\"><\/div><h2 class=\"tl__heading\">Fees<\/h2><div class=\"tl__subtitle\"><\/div><div class=\"tl__brace tl__brace--bottom\"><\/div><\/div>[vc_column_text]<\/p>\n<table id=\"tarifs\" style=\"width: 100%;\">\n<thead>\n<tr>\n<td><\/td>\n<th>feb 24th to apr 6th<\/th>\n<th>apr 7th to aug 24th<br \/>\noct 27th to dec 8th<\/th>\n<th>aug 24th to oct 26th<\/th>\n<\/tr>\n<\/thead>\n<tbody>\n<tr>\n<th>Studio 1 pers.<br \/>\n<small>Bed 90 \/ Shower<\/small><\/th>\n<td>705 \u20ac<\/td>\n<td>805 \u20ac<\/td>\n<td>899 \u20ac<\/td>\n<\/tr>\n<tr>\n<th>Studio 1-2 pers.<br \/>\n<small>Bed 140 \/ Shower or bathroom<\/small><\/th>\n<td>805 \u20ac<\/td>\n<td>905 \u20ac<\/td>\n<td>999 \u20ac<\/td>\n<\/tr>\n<tr>\n<th>Studio 1-2 pers.<br \/>\n<small>Bed 140 ou 2 x 90 \/ Shower<\/small><\/th>\n<td>885 \u20ac<\/td>\n<td>985 \u20ac<\/td>\n<td>1079 \u20ac<\/td>\n<\/tr>\n<tr>\n<th>Studio 1-2 pers.<br \/>\n<small>Bed 160 \/ Shower<\/small><\/th>\n<td>925 \u20ac<\/td>\n<td>1035 \u20ac<\/td>\n<td>1129 \u20ac<\/td>\n<\/tr>\n<tr>\n<th>T1 1-2 pers.<br \/>\n<small>Bed 160 \/ Shower<\/small><\/th>\n<td>975 \u20ac<\/td>\n<td>1079 \u20ac<\/td>\n<td>1169 \u20ac<\/td>\n<\/tr>\n<\/tbody>\n<\/table>\n<p>Fee per night (f\u00eates de Dax exluded) : 1 pers. : 55\u20ac \/ 2 pers. : 65 \u20ac<\/p>\n<p><strong>Not included in prices :<\/strong><\/p>\n<ul>\n<li>Breakfast : 5 \u20ac<\/li>\n<li>Arrival on saturday (from 6:00 PM) : 28 \u20ac<\/li>\n<li>Pets : 60 \u20ac<\/li>\n<li>Parking : 50 \u20ac<\/li>\n<li>Private Parking: 75 \u20ac<\/li>\n<\/ul>\n<p>[\/vc_column_text]<div class=\"vc-spacer mt-5\"><\/div><div class=\"title-lux\"><div class=\"tl__brace\"><\/div><h2 class=\"tl__heading\">OUR STUDIOS AND APARTMENTS<\/h2><div class=\"tl__subtitle\"><\/div><div class=\"tl__brace tl__brace--bottom\"><\/div><\/div>[vc_column_text]<\/p>\n<p class=\"text-center\">Thermotel offers you 5 categories of accommodation, from a studio for 1 person to a one-bedroom for 2 people. All of our apartments are designed to provide with the necessary comfort in order to make your stay enjoyable.<\/p>\n<p>[\/vc_column_text]\n                \n                <!-- ROOM TYPES-->\n\n                \n                <div class=\"row\">\n                    <div class=\"room-list clearfix\">\n\n                        \n                            \n\n                            \n                                <!-- FIRST -->\n                                <div class=\"room-item small-12 medium-12 large-4 columns\">\n                                    <div class=\"figure effect-lily figure-large figure-link\">\n                                                                                    <img\n                                                data-interchange=\"[https:\/\/thermotel-dax.com\/content\/uploads\/2017\/05\/STUDETTE-COIN-REPAS-640x384.jpg, (default)], [https:\/\/thermotel-dax.com\/content\/uploads\/2017\/05\/STUDETTE-COIN-REPAS-1024x384.jpg, (medium)], [https:\/\/thermotel-dax.com\/content\/uploads\/2017\/05\/STUDETTE-COIN-REPAS-390x456.jpg, (large)]\"\n                                                alt=\"\">\n                                        \n\n                                        <div class=\"caption\">\n                                            <h3 class=\"room__title\">Studio 1 person<\/h3>\n\n\n                                                                                            <p class=\"room__desc\">1 bed 90 \/ shower<\/p>\n                                            \n                                                                                            <div class=\"room__pricetag room__pricetag--lily clearfix\">\n                                                    <div\n                                                        class=\"price__value\">from 705\u20ac<\/div>\n                                                                                                            <div\n                                                            class=\"price__label\">3 weeks stay<\/div>\n                                                                                                    <\/div>\n                                                                                        <a href=\"https:\/\/thermotel-dax.com\/en\/studios\/studio-1-personne\/\"><\/a>\n                                        <\/div>\n                                    <\/div>\n                                <\/div>\n\n                            \n                                                    \n                            \n\n                            \n                                                                    <!-- REST -->\n                                    <div class=\"small-12 medium-12 large-8 columns\">\n                                    <div class=\"row\">\n                                \n\n                                <div class=\"room-item small-12 medium-6 large-6 columns \">\n                                    <div class=\"figure effect-lily figure-link\">\n                                                                                    <img\n                                                data-interchange=\"[https:\/\/thermotel-dax.com\/content\/uploads\/2017\/05\/Studio-premiere-categorie-Thermotel-640x384.jpg, (default)], [https:\/\/thermotel-dax.com\/content\/uploads\/2017\/05\/Studio-premiere-categorie-Thermotel-390x204.jpg, (large)]\"\n                                                alt=\"Studio premi\u00e8re cat\u00e9gorie\">\n                                                                                <div class=\"caption\">\n                                            <h3 class=\"room__title\">Studio 1 person<\/h3>\n\n                                                                                            <p class=\"room__desc\">1 bed 140 \/ shower<\/p>\n                                            \n                                                                                            <div class=\"room__pricetag room__pricetag--lily clearfix\">\n                                                    <div\n                                                        class=\"price__value\">from 805\u20ac<\/div>\n                                                                                                            <div\n                                                            class=\"price__label\">3 weeks stay<\/div>\n                                                                                                    <\/div>\n                                            \n\n                                            <a href=\"https:\/\/thermotel-dax.com\/en\/studios\/studio-1-personne-2\/\"><\/a>\n                                        <\/div>\n                                    <\/div>\n                                <\/div>\n\n                                \n                            \n                                                    \n                            \n\n                            \n                                \n\n                                <div class=\"room-item small-12 medium-6 large-6 columns \">\n                                    <div class=\"figure effect-lily figure-link\">\n                                                                                    <img\n                                                data-interchange=\"[https:\/\/thermotel-dax.com\/content\/uploads\/2017\/05\/STANDARD-2-LITS-scaled-640x384.jpg, (default)], [https:\/\/thermotel-dax.com\/content\/uploads\/2017\/05\/STANDARD-2-LITS-scaled-390x204.jpg, (large)]\"\n                                                alt=\"\">\n                                                                                <div class=\"caption\">\n                                            <h3 class=\"room__title\">Studio 2 persons<\/h3>\n\n                                                                                            <p class=\"room__desc\">bed 140 ou 2 beds 90 \/ Shower or bath<\/p>\n                                            \n                                                                                            <div class=\"room__pricetag room__pricetag--lily clearfix\">\n                                                    <div\n                                                        class=\"price__value\">from 885\u20ac<\/div>\n                                                                                                            <div\n                                                            class=\"price__label\">3 weeks stay<\/div>\n                                                                                                    <\/div>\n                                            \n\n                                            <a href=\"https:\/\/thermotel-dax.com\/en\/studios\/studio-2-personnes\/\"><\/a>\n                                        <\/div>\n                                    <\/div>\n                                <\/div>\n\n                                \n                            \n                                                    \n                            \n\n                            \n                                \n\n                                <div class=\"room-item small-12 medium-6 large-6 columns \">\n                                    <div class=\"figure effect-lily figure-link\">\n                                                                                    <img\n                                                data-interchange=\"[https:\/\/thermotel-dax.com\/content\/uploads\/2017\/05\/CONFORT-LIT-160-640x384.jpg, (default)], [https:\/\/thermotel-dax.com\/content\/uploads\/2017\/05\/CONFORT-LIT-160-390x204.jpg, (large)]\"\n                                                alt=\"\">\n                                                                                <div class=\"caption\">\n                                            <h3 class=\"room__title\">Studio 2 persons<\/h3>\n\n                                                                                            <p class=\"room__desc\">Bed 160cm<\/p>\n                                            \n                                                                                            <div class=\"room__pricetag room__pricetag--lily clearfix\">\n                                                    <div\n                                                        class=\"price__value\">from 925\u20ac<\/div>\n                                                                                                            <div\n                                                            class=\"price__label\">3 weeks stay<\/div>\n                                                                                                    <\/div>\n                                            \n\n                                            <a href=\"https:\/\/thermotel-dax.com\/en\/studios\/studio-2-personnes-2\/\"><\/a>\n                                        <\/div>\n                                    <\/div>\n                                <\/div>\n\n                                \n                            \n                                                    \n                            \n\n                            \n                                \n\n                                <div class=\"room-item small-12 medium-6 large-6 columns end\">\n                                    <div class=\"figure effect-lily figure-link\">\n                                                                                    <img\n                                                data-interchange=\"[https:\/\/thermotel-dax.com\/content\/uploads\/2016\/03\/T1-lit-scaled-640x384.jpeg, (default)], [https:\/\/thermotel-dax.com\/content\/uploads\/2016\/03\/T1-lit-scaled-390x204.jpeg, (large)]\"\n                                                alt=\"\">\n                                                                                <div class=\"caption\">\n                                            <h3 class=\"room__title\">T1 2 persons<\/h3>\n\n                                                                                            <p class=\"room__desc\">1 bed 160 \/ shower<\/p>\n                                            \n                                                                                            <div class=\"room__pricetag room__pricetag--lily clearfix\">\n                                                    <div\n                                                        class=\"price__value\">from 975\u20ac<\/div>\n                                                                                                            <div\n                                                            class=\"price__label\">3 weeks stay<\/div>\n                                                                                                    <\/div>\n                                            \n\n                                            <a href=\"https:\/\/thermotel-dax.com\/en\/studios\/t1-2-personnes\/\"><\/a>\n                                        <\/div>\n                                    <\/div>\n                                <\/div>\n\n                                                                    <\/div>\n                                    <\/div>\n                                \n                            \n                                                    \n                    <\/div>\n                <\/div>\n\n            \n\n                [\/vc_column][\/vc_row]<\/p>\n","protected":false},"excerpt":{"rendered":"<p>[vc_row][vc_column][vc_column_text] With 77 studios and 20 1-bedroom apartments, Thermotel is the perfect accommodation for a stay in the heart of the Landes. You can stay here if you wish to do thermal therapy in Dax as Thermotel is directly connected to the Thermes B\u00e9rot and provides you with all of the comfort of an integrated [&hellip;]<\/p>\n","protected":false},"author":6,"featured_media":0,"parent":0,"menu_order":2,"comment_status":"closed","ping_status":"closed","template":"","meta":{"inline_featured_image":false},"yoast_head":"<!-- This site is optimized with the Yoast SEO plugin v19.13 - https:\/\/yoast.com\/wordpress\/plugins\/seo\/ -->\n<title>Thermotel | Hotel-studio for business, holidays, cure in Dax<\/title>\n<meta name=\"description\" content=\"The hotel-studio Thermotel proposes a solution of lodging which will be suitable for a trip for business, for your holidays or for a cure in Dax\" \/>\n<meta name=\"robots\" content=\"index, follow, max-snippet:-1, max-image-preview:large, max-video-preview:-1\" \/>\n<link rel=\"canonical\" href=\"https:\/\/www.thermotel-dax.com\/en\/about-thermotel\/\" \/>\n<meta property=\"og:locale\" content=\"en_US\" \/>\n<meta property=\"og:type\" content=\"article\" \/>\n<meta property=\"og:title\" content=\"Thermotel | Hotel-studio for business, holidays, cure in Dax\" \/>\n<meta property=\"og:description\" content=\"The hotel-studio Thermotel proposes a solution of lodging which will be suitable for a trip for business, for your holidays or for a cure in Dax\" \/>\n<meta property=\"og:url\" content=\"https:\/\/www.thermotel-dax.com\/en\/about-thermotel\/\" \/>\n<meta property=\"article:publisher\" content=\"https:\/\/www.facebook.com\/ThermesBerot\/\" \/>\n<meta property=\"article:modified_time\" content=\"2018-01-11T11:57:53+00:00\" \/>\n<meta property=\"og:image\" content=\"https:\/\/www.thermotel-dax.com\/content\/uploads\/2016\/03\/XSP_0941-200x300.jpg\" \/>\n<meta name=\"twitter:card\" content=\"summary_large_image\" \/>\n<meta name=\"twitter:label1\" content=\"Est. reading time\" \/>\n\t<meta name=\"twitter:data1\" content=\"3 minutes\" \/>\n<script type=\"application\/ld+json\" class=\"yoast-schema-graph\">{\"@context\":\"https:\/\/schema.org\",\"@graph\":[{\"@type\":\"WebPage\",\"@id\":\"https:\/\/www.thermotel-dax.com\/en\/about-thermotel\/\",\"url\":\"https:\/\/www.thermotel-dax.com\/en\/about-thermotel\/\",\"name\":\"Thermotel | Hotel-studio for business, holidays, cure in Dax\",\"isPartOf\":{\"@id\":\"https:\/\/thermotel-dax.com\/#website\"},\"datePublished\":\"2017-08-01T12:37:44+00:00\",\"dateModified\":\"2018-01-11T11:57:53+00:00\",\"description\":\"The hotel-studio Thermotel proposes a solution of lodging which will be suitable for a trip for business, for your holidays or for a cure in Dax\",\"breadcrumb\":{\"@id\":\"https:\/\/www.thermotel-dax.com\/en\/about-thermotel\/#breadcrumb\"},\"inLanguage\":\"en-US\",\"potentialAction\":[{\"@type\":\"ReadAction\",\"target\":[\"https:\/\/www.thermotel-dax.com\/en\/about-thermotel\/\"]}]},{\"@type\":\"BreadcrumbList\",\"@id\":\"https:\/\/www.thermotel-dax.com\/en\/about-thermotel\/#breadcrumb\",\"itemListElement\":[{\"@type\":\"ListItem\",\"position\":1,\"name\":\"Accueil\",\"item\":\"https:\/\/www.thermotel-dax.com\/en\/\"},{\"@type\":\"ListItem\",\"position\":2,\"name\":\"About Thermotel\"}]},{\"@type\":\"WebSite\",\"@id\":\"https:\/\/thermotel-dax.com\/#website\",\"url\":\"https:\/\/thermotel-dax.com\/\",\"name\":\"\",\"description\":\"H\u00f4tel d\u00e9di\u00e9 \u00e0 vos cures thermales au coeur de la cit\u00e9 thermale de Dax dans les Landes\",\"potentialAction\":[{\"@type\":\"SearchAction\",\"target\":{\"@type\":\"EntryPoint\",\"urlTemplate\":\"https:\/\/thermotel-dax.com\/?s={search_term_string}\"},\"query-input\":\"required name=search_term_string\"}],\"inLanguage\":\"en-US\"}]}<\/script>\n<!-- \/ Yoast SEO plugin. -->","yoast_head_json":{"title":"Thermotel | Hotel-studio for business, holidays, cure in Dax","description":"The hotel-studio Thermotel proposes a solution of lodging which will be suitable for a trip for business, for your holidays or for a cure in Dax","robots":{"index":"index","follow":"follow","max-snippet":"max-snippet:-1","max-image-preview":"max-image-preview:large","max-video-preview":"max-video-preview:-1"},"canonical":"https:\/\/www.thermotel-dax.com\/en\/about-thermotel\/","og_locale":"en_US","og_type":"article","og_title":"Thermotel | Hotel-studio for business, holidays, cure in Dax","og_description":"The hotel-studio Thermotel proposes a solution of lodging which will be suitable for a trip for business, for your holidays or for a cure in Dax","og_url":"https:\/\/www.thermotel-dax.com\/en\/about-thermotel\/","article_publisher":"https:\/\/www.facebook.com\/ThermesBerot\/","article_modified_time":"2018-01-11T11:57:53+00:00","og_image":[{"url":"https:\/\/www.thermotel-dax.com\/content\/uploads\/2016\/03\/XSP_0941-200x300.jpg"}],"twitter_card":"summary_large_image","twitter_misc":{"Est. reading time":"3 minutes"},"schema":{"@context":"https:\/\/schema.org","@graph":[{"@type":"WebPage","@id":"https:\/\/www.thermotel-dax.com\/en\/about-thermotel\/","url":"https:\/\/www.thermotel-dax.com\/en\/about-thermotel\/","name":"Thermotel | Hotel-studio for business, holidays, cure in Dax","isPartOf":{"@id":"https:\/\/thermotel-dax.com\/#website"},"datePublished":"2017-08-01T12:37:44+00:00","dateModified":"2018-01-11T11:57:53+00:00","description":"The hotel-studio Thermotel proposes a solution of lodging which will be suitable for a trip for business, for your holidays or for a cure in Dax","breadcrumb":{"@id":"https:\/\/www.thermotel-dax.com\/en\/about-thermotel\/#breadcrumb"},"inLanguage":"en-US","potentialAction":[{"@type":"ReadAction","target":["https:\/\/www.thermotel-dax.com\/en\/about-thermotel\/"]}]},{"@type":"BreadcrumbList","@id":"https:\/\/www.thermotel-dax.com\/en\/about-thermotel\/#breadcrumb","itemListElement":[{"@type":"ListItem","position":1,"name":"Accueil","item":"https:\/\/www.thermotel-dax.com\/en\/"},{"@type":"ListItem","position":2,"name":"About Thermotel"}]},{"@type":"WebSite","@id":"https:\/\/thermotel-dax.com\/#website","url":"https:\/\/thermotel-dax.com\/","name":"","description":"H\u00f4tel d\u00e9di\u00e9 \u00e0 vos cures thermales au coeur de la cit\u00e9 thermale de Dax dans les Landes","potentialAction":[{"@type":"SearchAction","target":{"@type":"EntryPoint","urlTemplate":"https:\/\/thermotel-dax.com\/?s={search_term_string}"},"query-input":"required name=search_term_string"}],"inLanguage":"en-US"}]}},"_links":{"self":[{"href":"https:\/\/thermotel-dax.com\/en\/wp-json\/wp\/v2\/pages\/1359"}],"collection":[{"href":"https:\/\/thermotel-dax.com\/en\/wp-json\/wp\/v2\/pages"}],"about":[{"href":"https:\/\/thermotel-dax.com\/en\/wp-json\/wp\/v2\/types\/page"}],"author":[{"embeddable":true,"href":"https:\/\/thermotel-dax.com\/en\/wp-json\/wp\/v2\/users\/6"}],"replies":[{"embeddable":true,"href":"https:\/\/thermotel-dax.com\/en\/wp-json\/wp\/v2\/comments?post=1359"}],"version-history":[{"count":25,"href":"https:\/\/thermotel-dax.com\/en\/wp-json\/wp\/v2\/pages\/1359\/revisions"}],"predecessor-version":[{"id":1556,"href":"https:\/\/thermotel-dax.com\/en\/wp-json\/wp\/v2\/pages\/1359\/revisions\/1556"}],"wp:attachment":[{"href":"https:\/\/thermotel-dax.com\/en\/wp-json\/wp\/v2\/media?parent=1359"}],"curies":[{"name":"wp","href":"https:\/\/api.w.org\/{rel}","templated":true}]}}